{"id":1196,"date":"2021-02-26T13:49:01","date_gmt":"2021-02-26T13:49:01","guid":{"rendered":"http:\/\/judooton.viamultimidia.com\/?page_id=1196"},"modified":"2021-03-03T19:03:27","modified_gmt":"2021-03-03T19:03:27","slug":"filosofia","status":"publish","type":"page","link":"https:\/\/judooton.viamultimidia.com\/index.php\/filosofia\/","title":{"rendered":"Filosofia"},"content":{"rendered":"\t\t<div data-elementor-type=\"wp-page\" data-elementor-id=\"1196\" class=\"elementor elementor-1196\" data-elementor-settings=\"[]\">\n\t\t\t\t\t\t\t<div class=\"elementor-section-wrap\">\n\t\t\t\t\t\t\t<section class=\"elementor-section elementor-top-section elementor-element elementor-element-a85dc90 elementor-section-boxed elementor-section-height-default elementor-section-height-default\" data-id=\"a85dc90\" data-element_type=\"section\">\n\t\t\t\t\t\t<div class=\"elementor-container elementor-column-gap-default\">\n\t\t\t\t\t<div class=\"elementor-column elementor-col-100 elementor-top-column elementor-element elementor-element-d09e28a\" data-id=\"d09e28a\" data-element_type=\"column\">\n\t\t\t<div class=\"elementor-widget-wrap elementor-element-populated\">\n\t\t\t\t\t\t\t\t<div class=\"elementor-element elementor-element-8b9f0b5 elementor-widget elementor-widget-spacer\" data-id=\"8b9f0b5\" data-element_type=\"widget\" data-widget_type=\"spacer.default\">\n\t\t\t\t<div class=\"elementor-widget-container\">\n\t\t\t\t\t<div class=\"elementor-spacer\">\n\t\t\t<div class=\"elementor-spacer-inner\"><\/div>\n\t\t<\/div>\n\t\t\t\t<\/div>\n\t\t\t\t<\/div>\n\t\t\t\t\t<\/div>\n\t\t<\/div>\n\t\t\t\t\t\t\t<\/div>\n\t\t<\/section>\n\t\t\t\t<section class=\"elementor-section elementor-top-section elementor-element elementor-element-8e5779c elementor-section-boxed elementor-section-height-default elementor-section-height-default\" data-id=\"8e5779c\" data-element_type=\"section\">\n\t\t\t\t\t\t<div class=\"elementor-container elementor-column-gap-default\">\n\t\t\t\t\t<div class=\"elementor-column elementor-col-100 elementor-top-column elementor-element elementor-element-81e1ff0\" data-id=\"81e1ff0\" data-element_type=\"column\">\n\t\t\t<div class=\"elementor-widget-wrap elementor-element-populated\">\n\t\t\t\t\t\t\t\t<div class=\"elementor-element elementor-element-9827246 elementor-invisible elementor-widget elementor-widget-heading\" data-id=\"9827246\" data-element_type=\"widget\" data-settings=\"{&quot;_animation&quot;:&quot;fadeInDown&quot;}\" data-widget_type=\"heading.default\">\n\t\t\t\t<div class=\"elementor-widget-container\">\n\t\t\t<h3 class=\"elementor-heading-title elementor-size-default\">Para ler e pensar<\/h3>\t\t<\/div>\n\t\t\t\t<\/div>\n\t\t\t\t\t<\/div>\n\t\t<\/div>\n\t\t\t\t\t\t\t<\/div>\n\t\t<\/section>\n\t\t\t\t<section class=\"elementor-section elementor-top-section elementor-element elementor-element-b41ae40 elementor-section-boxed elementor-section-height-default elementor-section-height-default\" data-id=\"b41ae40\" data-element_type=\"section\">\n\t\t\t\t\t\t<div class=\"elementor-container elementor-column-gap-default\">\n\t\t\t\t\t<div class=\"elementor-column elementor-col-100 elementor-top-column elementor-element elementor-element-a2668b1\" data-id=\"a2668b1\" data-element_type=\"column\">\n\t\t\t<div class=\"elementor-widget-wrap elementor-element-populated\">\n\t\t\t\t\t\t\t\t<div class=\"elementor-element elementor-element-6080170 elementor-widget__width-auto elementor-widget elementor-widget-text-editor\" data-id=\"6080170\" data-element_type=\"widget\" data-settings=\"{&quot;_animation&quot;:&quot;none&quot;}\" data-widget_type=\"text-editor.default\">\n\t\t\t\t<div class=\"elementor-widget-container\">\n\t\t\t\t\t<div class=\"elementor-text-editor elementor-clearfix\"><p>Conta-se que havia um jovem guerreiro que, por jogar diariamente com a vida e a morte devido \u00e1 sua profiss\u00e3o, come\u00e7ou a se questionar sobre o problema do al\u00e9m. Desejava&nbsp; saber o que era o c\u00e9u e o inferno. Quando seu cora\u00e7\u00e3o j\u00e1 n\u00e3o podia mais suportar esse mist\u00e9rio, dirigiu-se a uma montanha em busca de um sacerdote anci\u00e3o que o iluminasse com seus ensinamentos. Ao encontr\u00e1-lo, saudou-o reverentemente e lhe disse:<br>-Oh! Vener\u00e1vel senhor, desejaria que me instru\u00edsse sobre o que \u00e9 o c\u00e9u e o inferno.<br>-Esta pergunta \u00e9 mais pr\u00f3pria de um campon\u00eas do que de um guerreiro como tu.<br>-Respondeu o mestre. A menos que sejas&nbsp; um campon\u00eas disfar\u00e7ado.<br>-O que dizes? -replicou o jovem samurai.<br>-Digo que nem pareces um guerreiro, n\u00e3o somente por infantil pergunta, sen\u00e3o tamb\u00e9m pelas roupas que trazes. A esta altura o acidental disc\u00edpulo j\u00e1 se mostrava vermelho de raiva em vista de semelhantes insultos, mas o sacerdote continuou.<br>-Tua falta de controle confirma minha suposi\u00e7\u00e3o. J\u00e1 n\u00e3o suportando mais, o samurai ent\u00e3o desnudou sua espada e sua ira. Nesse momento, com um gesto en\u00e9rgico o monge lhe disse:<br>-Observa, observa: isto \u00e9 o inferno. Sentindo-se como que atravessado por uma flecha de vergonha, o jovem abaixou a cabe\u00e7a, guardou cerimonialmente a espada e falou:<br>-Perd\u00e3o, senhor, agora compreendo teu ensinamento. -Ao que o mestre:<br>-Isto \u00e9 o c\u00e9u. &#8220;A honra \u00e9 o dom\u00ednio e a fortaleza internos\u201d, dizia M\u00eancio. &#8220;E ainda que me desnudes e me insultes, que importa? N\u00e3o poderias manchar minha alma com teu ultraje&#8221;.(texto, revista, planeta n\u00ba131-A)<\/p><\/div>\n\t\t\t\t<\/div>\n\t\t\t\t<\/div>\n\t\t\t\t\t<\/div>\n\t\t<\/div>\n\t\t\t\t\t\t\t<\/div>\n\t\t<\/section>\n\t\t\t\t\t\t<\/div>\n\t\t\t\t\t<\/div>\n\t\t","protected":false},"excerpt":{"rendered":"<p>Para ler e pensar Conta-se que havia um jovem guerreiro que, por jogar diariamente com a vida e a morte devido \u00e1 sua profiss\u00e3o, come\u00e7ou a se questionar sobre o [&#8230;]<\/p>\n<p><a class=\"btn btn-default vslmd-read-more-link\" href=\"https:\/\/judooton.viamultimidia.com\/index.php\/filosofia\/\">Read More<\/a><\/p>\n","protected":false},"author":1,"featured_media":0,"parent":0,"menu_order":0,"comment_status":"closed","ping_status":"closed","template":"","meta":{"_bbp_topic_count":0,"_bbp_reply_count":0,"_bbp_total_topic_count":0,"_bbp_total_reply_count":0,"_bbp_voice_count":0,"_bbp_anonymous_reply_count":0,"_bbp_topic_count_hidden":0,"_bbp_reply_count_hidden":0,"_bbp_forum_subforum_count":0,"_EventAllDay":false,"_EventTimezone":"","_EventStartDate":"","_EventEndDate":"","_EventStartDateUTC":"","_EventEndDateUTC":"","_EventShowMap":false,"_EventShowMapLink":false,"_EventURL":"","_EventCost":"","_EventCostDescription":"","_EventCurrencySymbol":"","_EventCurrencyPosition":"","_EventDateTimeSeparator":"","_EventTimeRangeSeparator":"","_EventOrganizerID":[],"_EventVenueID":0,"_OrganizerEmail":"","_OrganizerPhone":"","_OrganizerWebsite":"","_VenueAddress":"","_VenueCity":"","_VenueCountry":"","_VenueProvince":"","_VenueZip":"","_VenuePhone":"","_VenueURL":"","_VenueStateProvince":"","_VenueLat":"","_VenueLng":""},"_links":{"self":[{"href":"https:\/\/judooton.viamultimidia.com\/index.php\/wp-json\/wp\/v2\/pages\/1196"}],"collection":[{"href":"https:\/\/judooton.viamultimidia.com\/index.php\/wp-json\/wp\/v2\/pages"}],"about":[{"href":"https:\/\/judooton.viamultimidia.com\/index.php\/wp-json\/wp\/v2\/types\/page"}],"author":[{"embeddable":true,"href":"https:\/\/judooton.viamultimidia.com\/index.php\/wp-json\/wp\/v2\/users\/1"}],"replies":[{"embeddable":true,"href":"https:\/\/judooton.viamultimidia.com\/index.php\/wp-json\/wp\/v2\/comments?post=1196"}],"version-history":[{"count":4,"href":"https:\/\/judooton.viamultimidia.com\/index.php\/wp-json\/wp\/v2\/pages\/1196\/revisions"}],"predecessor-version":[{"id":1720,"href":"https:\/\/judooton.viamultimidia.com\/index.php\/wp-json\/wp\/v2\/pages\/1196\/revisions\/1720"}],"wp:attachment":[{"href":"https:\/\/judooton.viamultimidia.com\/index.php\/wp-json\/wp\/v2\/media?parent=1196"}],"curies":[{"name":"wp","href":"https:\/\/api.w.org\/{rel}","templated":true}]}}