{"id":1189,"date":"2021-02-26T13:39:29","date_gmt":"2021-02-26T13:39:29","guid":{"rendered":"http:\/\/judooton.viamultimidia.com\/?page_id=1189"},"modified":"2021-03-05T12:55:51","modified_gmt":"2021-03-05T12:55:51","slug":"olimpiadas","status":"publish","type":"page","link":"https:\/\/judooton.viamultimidia.com\/index.php\/olimpiadas\/","title":{"rendered":"Olimp\u00edadas"},"content":{"rendered":"\t\t<div data-elementor-type=\"wp-page\" data-elementor-id=\"1189\" class=\"elementor elementor-1189\" data-elementor-settings=\"[]\">\n\t\t\t\t\t\t\t<div class=\"elementor-section-wrap\">\n\t\t\t\t\t\t\t<section class=\"elementor-section elementor-top-section elementor-element elementor-element-a85dc90 elementor-section-boxed elementor-section-height-default elementor-section-height-default\" data-id=\"a85dc90\" data-element_type=\"section\">\n\t\t\t\t\t\t<div class=\"elementor-container elementor-column-gap-default\">\n\t\t\t\t\t<div class=\"elementor-column elementor-col-100 elementor-top-column elementor-element elementor-element-d09e28a\" data-id=\"d09e28a\" data-element_type=\"column\">\n\t\t\t<div class=\"elementor-widget-wrap elementor-element-populated\">\n\t\t\t\t\t\t\t\t<div class=\"elementor-element elementor-element-d065edb elementor-widget elementor-widget-spacer\" data-id=\"d065edb\" data-element_type=\"widget\" data-widget_type=\"spacer.default\">\n\t\t\t\t<div class=\"elementor-widget-container\">\n\t\t\t\t\t<div class=\"elementor-spacer\">\n\t\t\t<div class=\"elementor-spacer-inner\"><\/div>\n\t\t<\/div>\n\t\t\t\t<\/div>\n\t\t\t\t<\/div>\n\t\t\t\t\t<\/div>\n\t\t<\/div>\n\t\t\t\t\t\t\t<\/div>\n\t\t<\/section>\n\t\t\t\t<section class=\"elementor-section elementor-top-section elementor-element elementor-element-44f2103 elementor-section-boxed elementor-section-height-default elementor-section-height-default\" data-id=\"44f2103\" data-element_type=\"section\">\n\t\t\t\t\t\t<div class=\"elementor-container elementor-column-gap-default\">\n\t\t\t\t\t<div class=\"elementor-column elementor-col-100 elementor-top-column elementor-element elementor-element-91c6e01\" data-id=\"91c6e01\" data-element_type=\"column\">\n\t\t\t<div class=\"elementor-widget-wrap elementor-element-populated\">\n\t\t\t\t\t\t\t\t<div class=\"elementor-element elementor-element-62df517 elementor-invisible elementor-widget elementor-widget-heading\" data-id=\"62df517\" data-element_type=\"widget\" data-settings=\"{&quot;_animation&quot;:&quot;fadeInDown&quot;}\" data-widget_type=\"heading.default\">\n\t\t\t\t<div class=\"elementor-widget-container\">\n\t\t\t<h3 class=\"elementor-heading-title elementor-size-default\">Olimp\u00edadas<\/h3>\t\t<\/div>\n\t\t\t\t<\/div>\n\t\t\t\t\t<\/div>\n\t\t<\/div>\n\t\t\t\t\t\t\t<\/div>\n\t\t<\/section>\n\t\t\t\t<section class=\"elementor-section elementor-top-section elementor-element elementor-element-cecdbee elementor-section-boxed elementor-section-height-default elementor-section-height-default\" data-id=\"cecdbee\" data-element_type=\"section\">\n\t\t\t\t\t\t<div class=\"elementor-container elementor-column-gap-default\">\n\t\t\t\t\t<div class=\"elementor-column elementor-col-100 elementor-top-column elementor-element elementor-element-6d8fd2e\" data-id=\"6d8fd2e\" data-element_type=\"column\">\n\t\t\t<div class=\"elementor-widget-wrap elementor-element-populated\">\n\t\t\t\t\t\t\t\t<div class=\"elementor-element elementor-element-aa57407 elementor-widget elementor-widget-text-editor\" data-id=\"aa57407\" data-element_type=\"widget\" data-widget_type=\"text-editor.default\">\n\t\t\t\t<div class=\"elementor-widget-container\">\n\t\t\t\t\t<div class=\"elementor-text-editor elementor-clearfix\"><p>O jud\u00f4 teve sua estr\u00e9ia como esporte demonstrativo nas Olimp\u00edadas de T\u00f3kio em 1964, voltou com esporte Ol\u00edmpico apartir de Munique (1972) e no feminino em Barcelona em 1992. Participa\u00e7\u00e3o Brasileira nas Olimp\u00edadas.<\/p><\/div>\n\t\t\t\t<\/div>\n\t\t\t\t<\/div>\n\t\t\t\t\t<\/div>\n\t\t<\/div>\n\t\t\t\t\t\t\t<\/div>\n\t\t<\/section>\n\t\t\t\t<section class=\"elementor-section elementor-top-section elementor-element elementor-element-314f3cc elementor-section-boxed elementor-section-height-default elementor-section-height-default\" data-id=\"314f3cc\" data-element_type=\"section\">\n\t\t\t\t\t\t<div class=\"elementor-container elementor-column-gap-default\">\n\t\t\t\t\t<div class=\"elementor-column elementor-col-100 elementor-top-column elementor-element elementor-element-1e28d50\" data-id=\"1e28d50\" data-element_type=\"column\">\n\t\t\t<div class=\"elementor-widget-wrap elementor-element-populated\">\n\t\t\t\t\t\t\t\t<div class=\"elementor-element elementor-element-cd2c801 elementor-widget elementor-widget-text-editor\" data-id=\"cd2c801\" data-element_type=\"widget\" data-widget_type=\"text-editor.default\">\n\t\t\t\t<div class=\"elementor-widget-container\">\n\t\t\t\t\t<div class=\"elementor-text-editor elementor-clearfix\"><p><strong><span class=\"d1\">1964- Tokyo-Jap\u00e3o<\/span><\/strong><\/p><ul><li>Lhofei Shiozawa<\/li><\/ul><p><strong><span class=\"d1\">1972-Munique-Alemanha<\/span><\/strong><\/p><ul><li>Lhofei Shiozawa<\/li><li>Shiaki Ishii 3\u00ba lugar (95kg)<\/li><\/ul><p><strong>1976-Montreal-Canada\u00a0<\/strong><\/p><ul><li>Roberto Machusso<\/li><li>Carlos Eduardo Motta<\/li><li>Carlos Alberto S C Pacheco<\/li><\/ul><p><strong>1980-Moscou-URSS<\/strong><\/p><ul><li>Luis Shinohara<\/li><li>Luis Omura<\/li><li>Anelson Guerra Vieira<\/li><li>Carlos Alberto M C Cunha<\/li><\/ul><p><strong>1984-Los Angeles-USA<\/strong><\/p><ul><li>Luis Shinohara<\/li><li>S\u00e9rgio Sano<\/li><li>Luis Omura\u00a0\u00a0 3\u00b0lugar (71kg)<\/li><li>Rog\u00e9rio dos Santos<\/li><li><span class=\"vermelho\">Walter Carmona\u00a0 3\u00balugar (86kg)<\/span><\/li><li>Douglas Vieira\u00a0 2\u00b0lugar (95kg)<\/li><li>Frederico Flexa<\/li><\/ul><p><strong>\u00a01988-Seul-Cor\u00e9ia do Sul<\/strong><\/p><ul><li>S\u00e9rgio Pessoa<\/li><li>Ricardo Sampaio<\/li><li>Luis Omura<\/li><li>Ezequiel Paraguasu<\/li><li>Walter Carmona<\/li><li>Aur\u00e9lio Miguel\u00a0 1\u00b0lugar (95kg)<\/li><li>Frederico Flexa<\/li><\/ul><p><strong>1992-Barcelona-Espanha<\/strong><\/p><p><strong>Masculino<\/strong><\/p><ul><li>Shigueto Yamazaki<\/li><li>Rog\u00e9rio Sampaio\u00a0 1\u00balugar (65kg)<\/li><li>S\u00e9rgio Oliveira<\/li><li>Ezequiel Paraguasu<\/li><li>Walter Castropil<\/li><li>Aur\u00e9lio Miguel<\/li><li>Jos\u00e9 M\u00e1rio Tranquilini<\/li><\/ul><p><strong>Feminino<\/strong><\/p><ul><li>Adr\u00e9a Berti<\/li><li>Patr\u00edcia Bevelacqua Dias<\/li><li>Jemina Alves<\/li><li>T\u00e2nia Ishii<\/li><li>Rosicleia Campos<\/li><li>Soraia Andr\u00e9<\/li><li>Edilene Andr\u00e9<\/li><\/ul><p><strong>\u00a01996-Atlanta &#8211; USA<\/strong><\/p><p><strong>Masculino<\/strong><\/p><ul><li>Alexandre Garcia<\/li><li>Henrique Guimar\u00e3es\u00a0 3\u00balugar (65kg)<\/li><li>Sebastian Pereira<\/li><li>Fl\u00e1vio Canto<\/li><li>Edelmar Zanol<\/li><li>Aur\u00e9lio Miguel\u00a0 3\u00balugar (95kg)<\/li><li>Frederico Flexa<\/li><\/ul><p><strong>Feminino<\/strong><\/p><ul><li>Andr\u00e9a Berti<\/li><li>Danielle Zangrando<\/li><li>Cristiane Parmegiano<\/li><li>Rosicleia Campos<\/li><li>Edinanci Silva<\/li><\/ul><p><strong>2000-Sydney-Australia<\/strong><\/p><p><strong>Masculino<\/strong><\/p><ul><li>Denilso Louren\u00e7o<\/li><li>Henrique Guimar\u00e3es<\/li><li><span class=\"vermelho\">Tiago Camilo\u00a0 2\u00b0lugar (73kg)<\/span>\u00a0<\/li><li>Marcel Arag\u00e3o<\/li><li>Carlos Honorato\u00a0 2\u00b0lugar (90kg)<\/li><li>Mario Sabino<\/li><li>Daniel Hernandes<\/li><\/ul><p><strong>Feminino<\/strong><\/p><ul><li>Mariana Martins<\/li><li>T\u00e2nia Ferreira<\/li><li>V\u00e2nia Ishii<\/li><li>Edinanci Silva<\/li><li>Priscila Marques<\/li><\/ul><p><strong>2004-Atenas-Grecia<\/strong><\/p><p><strong>Masculino<\/strong><\/p><ul><li>Alexandre Lee<\/li><li>Henrique Guimar\u00e3es<\/li><li>Leandro Guilheiro\u00a0 3\u00balugar (73kg)<\/li><li>Fl\u00e1vio Canto\u00a0 3\u00b0lugar (81kg)<\/li><li>Carlos Honorato<\/li><li>Mario Sabino<\/li><li>Daniel Hernandes<\/li><li><strong>Feminino<\/strong><\/li><li>Daniela Polzin<\/li><li>Fabiane Hukuda<\/li><li>Danielle Zangrando<\/li><li>V\u00e2nia Ishii<\/li><li>Edinanci Silva<\/li><\/ul><p><strong>2008-Pequin-China<\/strong><\/p><p><b>Masculino<\/b><\/p><ul><li>Den\u00edlson Louren\u00e7o<\/li><li>Jo\u00e3o Derly<\/li><li>Leandro Guilheiro\u00a0 3\u00b0lugar (73kg)<\/li><li>Tiago Camilo\u00a0 3\u00balugar (81kg)<\/li><li>Eduardo Santos<\/li><li>Luciano Correa<\/li><li>Jo\u00e3o Gabriel Schlittler<\/li><\/ul><p><strong>Feminino<\/strong><\/p><ul><li>Sarah Menezes<\/li><li>Andressa Fernandes<\/li><li>Ketlin Quadros\u00a0 3\u00b0lugar<\/li><li>Danielli Barbosa<\/li><li>Mayra Silva<\/li><li>Edinanci Silva<\/li><\/ul><\/div>\n\t\t\t\t<\/div>\n\t\t\t\t<\/div>\n\t\t\t\t\t<\/div>\n\t\t<\/div>\n\t\t\t\t\t\t\t<\/div>\n\t\t<\/section>\n\t\t\t\t\t\t<\/div>\n\t\t\t\t\t<\/div>\n\t\t","protected":false},"excerpt":{"rendered":"<p>Olimp\u00edadas O jud\u00f4 teve sua estr\u00e9ia como esporte demonstrativo nas Olimp\u00edadas de T\u00f3kio em 1964, voltou com esporte Ol\u00edmpico apartir de Munique (1972) e no feminino em Barcelona em 1992. [&#8230;]<\/p>\n<p><a class=\"btn btn-default vslmd-read-more-link\" href=\"https:\/\/judooton.viamultimidia.com\/index.php\/olimpiadas\/\">Read More<\/a><\/p>\n","protected":false},"author":1,"featured_media":0,"parent":0,"menu_order":0,"comment_status":"closed","ping_status":"closed","template":"","meta":{"_bbp_topic_count":0,"_bbp_reply_count":0,"_bbp_total_topic_count":0,"_bbp_total_reply_count":0,"_bbp_voice_count":0,"_bbp_anonymous_reply_count":0,"_bbp_topic_count_hidden":0,"_bbp_reply_count_hidden":0,"_bbp_forum_subforum_count":0,"_EventAllDay":false,"_EventTimezone":"","_EventStartDate":"","_EventEndDate":"","_EventStartDateUTC":"","_EventEndDateUTC":"","_EventShowMap":false,"_EventShowMapLink":false,"_EventURL":"","_EventCost":"","_EventCostDescription":"","_EventCurrencySymbol":"","_EventCurrencyPosition":"","_EventDateTimeSeparator":"","_EventTimeRangeSeparator":"","_EventOrganizerID":[],"_EventVenueID":0,"_OrganizerEmail":"","_OrganizerPhone":"","_OrganizerWebsite":"","_VenueAddress":"","_VenueCity":"","_VenueCountry":"","_VenueProvince":"","_VenueZip":"","_VenuePhone":"","_VenueURL":"","_VenueStateProvince":"","_VenueLat":"","_VenueLng":""},"_links":{"self":[{"href":"https:\/\/judooton.viamultimidia.com\/index.php\/wp-json\/wp\/v2\/pages\/1189"}],"collection":[{"href":"https:\/\/judooton.viamultimidia.com\/index.php\/wp-json\/wp\/v2\/pages"}],"about":[{"href":"https:\/\/judooton.viamultimidia.com\/index.php\/wp-json\/wp\/v2\/types\/page"}],"author":[{"embeddable":true,"href":"https:\/\/judooton.viamultimidia.com\/index.php\/wp-json\/wp\/v2\/users\/1"}],"replies":[{"embeddable":true,"href":"https:\/\/judooton.viamultimidia.com\/index.php\/wp-json\/wp\/v2\/comments?post=1189"}],"version-history":[{"count":16,"href":"https:\/\/judooton.viamultimidia.com\/index.php\/wp-json\/wp\/v2\/pages\/1189\/revisions"}],"predecessor-version":[{"id":1861,"href":"https:\/\/judooton.viamultimidia.com\/index.php\/wp-json\/wp\/v2\/pages\/1189\/revisions\/1861"}],"wp:attachment":[{"href":"https:\/\/judooton.viamultimidia.com\/index.php\/wp-json\/wp\/v2\/media?parent=1189"}],"curies":[{"name":"wp","href":"https:\/\/api.w.org\/{rel}","templated":true}]}}