{"id":1162,"date":"2021-02-26T13:30:30","date_gmt":"2021-02-26T13:30:30","guid":{"rendered":"http:\/\/judooton.viamultimidia.com\/?page_id=1162"},"modified":"2021-03-02T20:08:32","modified_gmt":"2021-03-02T20:08:32","slug":"tecnicas","status":"publish","type":"page","link":"https:\/\/judooton.viamultimidia.com\/index.php\/tecnicas\/","title":{"rendered":"T\u00e9cnicas"},"content":{"rendered":"\t\t<div data-elementor-type=\"wp-page\" data-elementor-id=\"1162\" class=\"elementor elementor-1162\" data-elementor-settings=\"[]\">\n\t\t\t\t\t\t\t<div class=\"elementor-section-wrap\">\n\t\t\t\t\t\t\t<section class=\"elementor-section elementor-top-section elementor-element elementor-element-719071d elementor-section-boxed elementor-section-height-default elementor-section-height-default\" data-id=\"719071d\" data-element_type=\"section\">\n\t\t\t\t\t\t<div class=\"elementor-container elementor-column-gap-default\">\n\t\t\t\t\t<div class=\"elementor-column elementor-col-100 elementor-top-column elementor-element elementor-element-90ba228\" data-id=\"90ba228\" data-element_type=\"column\">\n\t\t\t<div class=\"elementor-widget-wrap elementor-element-populated\">\n\t\t\t\t\t\t\t\t<div class=\"elementor-element elementor-element-6df3011 elementor-widget elementor-widget-spacer\" data-id=\"6df3011\" data-element_type=\"widget\" data-widget_type=\"spacer.default\">\n\t\t\t\t<div class=\"elementor-widget-container\">\n\t\t\t\t\t<div class=\"elementor-spacer\">\n\t\t\t<div class=\"elementor-spacer-inner\"><\/div>\n\t\t<\/div>\n\t\t\t\t<\/div>\n\t\t\t\t<\/div>\n\t\t\t\t\t<\/div>\n\t\t<\/div>\n\t\t\t\t\t\t\t<\/div>\n\t\t<\/section>\n\t\t\t\t<section class=\"elementor-section elementor-top-section elementor-element elementor-element-a85dc90 elementor-section-boxed elementor-section-height-default elementor-section-height-default\" data-id=\"a85dc90\" data-element_type=\"section\">\n\t\t\t\t\t\t<div class=\"elementor-container elementor-column-gap-default\">\n\t\t\t\t\t<div class=\"elementor-column elementor-col-100 elementor-top-column elementor-element elementor-element-d09e28a\" data-id=\"d09e28a\" data-element_type=\"column\">\n\t\t\t<div class=\"elementor-widget-wrap elementor-element-populated\">\n\t\t\t\t\t\t\t\t<div class=\"elementor-element elementor-element-1b3f641 elementor-invisible elementor-widget elementor-widget-heading\" data-id=\"1b3f641\" data-element_type=\"widget\" data-settings=\"{&quot;_animation&quot;:&quot;fadeInDown&quot;}\" data-widget_type=\"heading.default\">\n\t\t\t\t<div class=\"elementor-widget-container\">\n\t\t\t<h3 class=\"elementor-heading-title elementor-size-default\">T\u00e9cnicas do Jud\u00f4<\/h3>\t\t<\/div>\n\t\t\t\t<\/div>\n\t\t\t\t\t<\/div>\n\t\t<\/div>\n\t\t\t\t\t\t\t<\/div>\n\t\t<\/section>\n\t\t\t\t<section class=\"elementor-section elementor-top-section elementor-element elementor-element-94af25e elementor-section-boxed elementor-section-height-default elementor-section-height-default\" data-id=\"94af25e\" data-element_type=\"section\">\n\t\t\t\t\t\t<div class=\"elementor-container elementor-column-gap-default\">\n\t\t\t\t\t<div class=\"elementor-column elementor-col-100 elementor-top-column elementor-element elementor-element-f2b830d\" data-id=\"f2b830d\" data-element_type=\"column\">\n\t\t\t<div class=\"elementor-widget-wrap elementor-element-populated\">\n\t\t\t\t\t\t\t\t<div class=\"elementor-element elementor-element-c511c05 elementor-widget elementor-widget-text-editor\" data-id=\"c511c05\" data-element_type=\"widget\" data-widget_type=\"text-editor.default\">\n\t\t\t\t<div class=\"elementor-widget-container\">\n\t\t\t\t\t<div class=\"elementor-text-editor elementor-clearfix\"><h4>As t\u00e9cnicas de jud\u00f4 s\u00e3o divididas em dois grupos<\/h4><p><strong>NAGUE-WAZA (67 t\u00e9cnicas de proje\u00e7\u00e3o)<\/strong><br \/><strong>KATAME-WAZA (29 t\u00e9cnicas de solo)<\/strong><\/p><\/div>\n\t\t\t\t<\/div>\n\t\t\t\t<\/div>\n\t\t\t\t\t<\/div>\n\t\t<\/div>\n\t\t\t\t\t\t\t<\/div>\n\t\t<\/section>\n\t\t\t\t<section class=\"elementor-section elementor-top-section elementor-element elementor-element-9a31a0d elementor-section-boxed elementor-section-height-default elementor-section-height-default\" data-id=\"9a31a0d\" data-element_type=\"section\">\n\t\t\t\t\t\t<div class=\"elementor-container elementor-column-gap-default\">\n\t\t\t\t\t<div class=\"elementor-column elementor-col-100 elementor-top-column elementor-element elementor-element-83c14c5\" data-id=\"83c14c5\" data-element_type=\"column\">\n\t\t\t<div class=\"elementor-widget-wrap elementor-element-populated\">\n\t\t\t\t\t\t\t\t<div class=\"elementor-element elementor-element-fcafdfc elementor-widget elementor-widget-html\" data-id=\"fcafdfc\" data-element_type=\"widget\" data-widget_type=\"html.default\">\n\t\t\t\t<div class=\"elementor-widget-container\">\n\t\t\t\n<table id=\"tablepress-4\" class=\"tablepress tablepress-id-4\">\n<thead>\n<tr class=\"row-1 odd\">\n\t<th class=\"column-1\">NAGUE-WAZA<\/th><th class=\"column-2\">KATAME-WAZA<\/th>\n<\/tr>\n<\/thead>\n<tbody class=\"row-hover\">\n<tr class=\"row-2 even\">\n\t<td class=\"column-1\">Te-waza (15 t\u00e9cnicas) m\u00e3o<\/td><td class=\"column-2\">Osae-komi-waza (7 t\u00e9cnicas) imobiliza\u00e7\u00e3o<\/td>\n<\/tr>\n<tr class=\"row-3 odd\">\n\t<td class=\"column-1\">Koshi-waza (11 t\u00e9cnicas) quadril<\/td><td class=\"column-2\">Shime-waza (12 t\u00e9cnicas) estrangulamento)<\/td>\n<\/tr>\n<tr class=\"row-4 even\">\n\t<td class=\"column-1\">Ashi-waza (21 t\u00e9cnicas) p\u00e9<\/td><td class=\"column-2\">Kansetsu-waza (10 t\u00e9cnicas) chaves de articula\u00e7\u00e3o)<\/td>\n<\/tr>\n<tr class=\"row-5 odd\">\n\t<td class=\"column-1\">Sutemi (20 t\u00e9cnicas) sacrif\u00edcio<\/td><td class=\"column-2\"><\/td>\n<\/tr>\n<tr class=\"row-6 even\">\n\t<td class=\"column-1\">Hiki-komi-gaeshi<\/td><td class=\"column-2\"><\/td>\n<\/tr>\n<tr class=\"row-7 odd\">\n\t<td class=\"column-1\">Tawara-gaeshi <\/td><td class=\"column-2\"><\/td>\n<\/tr>\n<\/tbody>\n<\/table>\n\t\t<\/div>\n\t\t\t\t<\/div>\n\t\t\t\t\t<\/div>\n\t\t<\/div>\n\t\t\t\t\t\t\t<\/div>\n\t\t<\/section>\n\t\t\t\t<section class=\"elementor-section elementor-top-section elementor-element elementor-element-2d4fc71 elementor-section-boxed elementor-section-height-default elementor-section-height-default\" data-id=\"2d4fc71\" data-element_type=\"section\">\n\t\t\t\t\t\t<div class=\"elementor-container elementor-column-gap-default\">\n\t\t\t\t\t<div class=\"elementor-column elementor-col-100 elementor-top-column elementor-element elementor-element-6571f38\" data-id=\"6571f38\" data-element_type=\"column\">\n\t\t\t<div class=\"elementor-widget-wrap elementor-element-populated\">\n\t\t\t\t\t\t\t\t<div class=\"elementor-element elementor-element-345684a elementor-widget elementor-widget-text-editor\" data-id=\"345684a\" data-element_type=\"widget\" data-widget_type=\"text-editor.default\">\n\t\t\t\t<div class=\"elementor-widget-container\">\n\t\t\t\t\t<div class=\"elementor-text-editor elementor-clearfix\"><h4>NAGUE-WAZA<\/h4><div>\u00a0<\/div><\/div>\n\t\t\t\t<\/div>\n\t\t\t\t<\/div>\n\t\t\t\t\t<\/div>\n\t\t<\/div>\n\t\t\t\t\t\t\t<\/div>\n\t\t<\/section>\n\t\t\t\t<section class=\"elementor-section elementor-top-section elementor-element elementor-element-c0dcade elementor-section-boxed elementor-section-height-default elementor-section-height-default\" data-id=\"c0dcade\" data-element_type=\"section\">\n\t\t\t\t\t\t<div class=\"elementor-container elementor-column-gap-default\">\n\t\t\t\t\t<div class=\"elementor-column elementor-col-100 elementor-top-column elementor-element elementor-element-05a13fe\" data-id=\"05a13fe\" data-element_type=\"column\">\n\t\t\t<div class=\"elementor-widget-wrap elementor-element-populated\">\n\t\t\t\t\t\t\t\t<div class=\"elementor-element elementor-element-6bd37f5 elementor-widget elementor-widget-html\" data-id=\"6bd37f5\" data-element_type=\"widget\" data-widget_type=\"html.default\">\n\t\t\t\t<div class=\"elementor-widget-container\">\n\t\t\t\n<table id=\"tablepress-3\" class=\"tablepress tablepress-id-3\">\n<thead>\n<tr class=\"row-1 odd\">\n\t<th class=\"column-1\">TE-WAZA<\/th><th class=\"column-2\">KOSHI-WAZA<\/th><th class=\"column-3\">ASHI-WAZA<\/th><th class=\"column-4\">SUTEMI-WAZA<\/th>\n<\/tr>\n<\/thead>\n<tbody class=\"row-hover\">\n<tr class=\"row-2 even\">\n\t<td class=\"column-1\">MAS-UTEMI (FRANTAIS<\/td><td class=\"column-2\">Uki-goshi<\/td><td class=\"column-3\">De-ashi-harai<\/td><td class=\"column-4\">Mas-Utemi (Frontais)<\/td>\n<\/tr>\n<tr class=\"row-3 odd\">\n\t<td class=\"column-1\">Tomoe-nage<\/td><td class=\"column-2\">O-goshi<\/td><td class=\"column-3\">Hiza-guruma<\/td><td class=\"column-4\">Tomoe-nage<\/td>\n<\/tr>\n<tr class=\"row-4 even\">\n\t<td class=\"column-1\">Sumi-gaeshi<\/td><td class=\"column-2\">Koshi-guruma<\/td><td class=\"column-3\">Sassae-tsuri-komi-ashi<\/td><td class=\"column-4\">Sumi-gaeshi<\/td>\n<\/tr>\n<tr class=\"row-5 odd\">\n\t<td class=\"column-1\">Ura-nage<\/td><td class=\"column-2\">Tsuri-komi-goshi<\/td><td class=\"column-3\">O-soto-gari<\/td><td class=\"column-4\">Ura-nage<\/td>\n<\/tr>\n<tr class=\"row-6 even\">\n\t<td class=\"column-1\">Hiki-komi-gaeshi<\/td><td class=\"column-2\">Harai-goshi<\/td><td class=\"column-3\">O-uchi-gari<\/td><td class=\"column-4\">Hiki-komi-gaeshi<\/td>\n<\/tr>\n<tr class=\"row-7 odd\">\n\t<td class=\"column-1\">Tawara-gaeshi <\/td><td class=\"column-2\">Tsuri-goshi<\/td><td class=\"column-3\">Ko-soto-gari<\/td><td class=\"column-4\">Tawara-gaesh <\/td>\n<\/tr>\n<tr class=\"row-8 even\">\n\t<td class=\"column-1\"><\/td><td class=\"column-2\">Hane-goshi<\/td><td class=\"column-3\">Ko-uchi-gari<\/td><td class=\"column-4\">Yoko-sutemi-(laterais) <\/td>\n<\/tr>\n<tr class=\"row-9 odd\">\n\t<td class=\"column-1\"><\/td><td class=\"column-2\">Utsuri-goshi<\/td><td class=\"column-3\">Okuri-ashi-harai<\/td><td class=\"column-4\">Yoko-otoshi<\/td>\n<\/tr>\n<tr class=\"row-10 even\">\n\t<td class=\"column-1\"><\/td><td class=\"column-2\">Ushiro-goshi<\/td><td class=\"column-3\">Uchi-mata<\/td><td class=\"column-4\">Tani-otoshi<\/td>\n<\/tr>\n<tr class=\"row-11 odd\">\n\t<td class=\"column-1\"><\/td><td class=\"column-2\">Sode-tsuri-komi-goshi<\/td><td class=\"column-3\">Ko-soto-gake<\/td><td class=\"column-4\">Hane-maki-komi<\/td>\n<\/tr>\n<tr class=\"row-12 even\">\n\t<td class=\"column-1\"><\/td><td class=\"column-2\">Daki-age (proibida em competi\u00e7\u00e3o) <\/td><td class=\"column-3\">Ashi-guruma<\/td><td class=\"column-4\">Soto-maki-komi<\/td>\n<\/tr>\n<tr class=\"row-13 odd\">\n\t<td class=\"column-1\"><\/td><td class=\"column-2\"><\/td><td class=\"column-3\">Harai-tsuri-komi-ashi<\/td><td class=\"column-4\">Uki-waza<\/td>\n<\/tr>\n<tr class=\"row-14 even\">\n\t<td class=\"column-1\"><\/td><td class=\"column-2\"><\/td><td class=\"column-3\">O-guruma<\/td><td class=\"column-4\">Yoko-wakare<\/td>\n<\/tr>\n<tr class=\"row-15 odd\">\n\t<td class=\"column-1\"><\/td><td class=\"column-2\"><\/td><td class=\"column-3\">O-soto-guruma<\/td><td class=\"column-4\">Yoko-guruma<\/td>\n<\/tr>\n<tr class=\"row-16 even\">\n\t<td class=\"column-1\"><\/td><td class=\"column-2\"><\/td><td class=\"column-3\">O-soto-otoshi<\/td><td class=\"column-4\">Yoko-gake<\/td>\n<\/tr>\n<tr class=\"row-17 odd\">\n\t<td class=\"column-1\"><\/td><td class=\"column-2\"><\/td><td class=\"column-3\">Tsubame-gaeshi<\/td><td class=\"column-4\">Daki-wakare<\/td>\n<\/tr>\n<tr class=\"row-18 even\">\n\t<td class=\"column-1\"><\/td><td class=\"column-2\"><\/td><td class=\"column-3\">O-soto-gaeshi<\/td><td class=\"column-4\">Uchi-maki-komi<\/td>\n<\/tr>\n<tr class=\"row-19 odd\">\n\t<td class=\"column-1\"><\/td><td class=\"column-2\"><\/td><td class=\"column-3\">O-uchi-gaeshi<\/td><td class=\"column-4\">Kani-basami (proibida)<\/td>\n<\/tr>\n<tr class=\"row-20 even\">\n\t<td class=\"column-1\"><\/td><td class=\"column-2\"><\/td><td class=\"column-3\">Harai-goshi-gaeshi<\/td><td class=\"column-4\">O-soto-maki-komi<\/td>\n<\/tr>\n<tr class=\"row-21 odd\">\n\t<td class=\"column-1\"><\/td><td class=\"column-2\"><\/td><td class=\"column-3\">Hane-goshi-gaeshi<\/td><td class=\"column-4\">Uchi-mata-maki-komi<\/td>\n<\/tr>\n<tr class=\"row-22 even\">\n\t<td class=\"column-1\"><\/td><td class=\"column-2\"><\/td><td class=\"column-3\">Uchi-mata-gaeshi <\/td><td class=\"column-4\">Harai-maki-komi<\/td>\n<\/tr>\n<tr class=\"row-23 odd\">\n\t<td class=\"column-1\"><\/td><td class=\"column-2\"><\/td><td class=\"column-3\"><\/td><td class=\"column-4\">Kawazu-gake (proibida) <\/td>\n<\/tr>\n<\/tbody>\n<\/table>\n\t\t<\/div>\n\t\t\t\t<\/div>\n\t\t\t\t\t<\/div>\n\t\t<\/div>\n\t\t\t\t\t\t\t<\/div>\n\t\t<\/section>\n\t\t\t\t<section class=\"elementor-section elementor-top-section elementor-element elementor-element-5de3a39 elementor-section-boxed elementor-section-height-default elementor-section-height-default\" data-id=\"5de3a39\" data-element_type=\"section\">\n\t\t\t\t\t\t<div class=\"elementor-container elementor-column-gap-default\">\n\t\t\t\t\t<div class=\"elementor-column elementor-col-100 elementor-top-column elementor-element elementor-element-7f895af\" data-id=\"7f895af\" data-element_type=\"column\">\n\t\t\t<div class=\"elementor-widget-wrap elementor-element-populated\">\n\t\t\t\t\t\t\t\t<div class=\"elementor-element elementor-element-91365f6 elementor-widget elementor-widget-text-editor\" data-id=\"91365f6\" data-element_type=\"widget\" data-widget_type=\"text-editor.default\">\n\t\t\t\t<div class=\"elementor-widget-container\">\n\t\t\t\t\t<div class=\"elementor-text-editor elementor-clearfix\"><p align=\"center\"><strong>Em 1895 foi criado o (GO Kyo). Quarenta e duas t\u00e9cnicas foram escolhidas e divididas em cinco (GO) grupos.<\/strong><\/p><\/div>\n\t\t\t\t<\/div>\n\t\t\t\t<\/div>\n\t\t\t\t\t<\/div>\n\t\t<\/div>\n\t\t\t\t\t\t\t<\/div>\n\t\t<\/section>\n\t\t\t\t<section class=\"elementor-section elementor-top-section elementor-element elementor-element-4a6675f elementor-section-boxed elementor-section-height-default elementor-section-height-default\" data-id=\"4a6675f\" data-element_type=\"section\">\n\t\t\t\t\t\t<div class=\"elementor-container elementor-column-gap-default\">\n\t\t\t\t\t<div class=\"elementor-column elementor-col-100 elementor-top-column elementor-element elementor-element-cae7062\" data-id=\"cae7062\" data-element_type=\"column\">\n\t\t\t<div class=\"elementor-widget-wrap elementor-element-populated\">\n\t\t\t\t\t\t\t\t<div class=\"elementor-element elementor-element-c7b00c3 elementor-widget elementor-widget-html\" data-id=\"c7b00c3\" data-element_type=\"widget\" data-widget_type=\"html.default\">\n\t\t\t\t<div class=\"elementor-widget-container\">\n\t\t\t\n<table id=\"tablepress-5\" class=\"tablepress tablepress-id-5\">\n<thead>\n<tr class=\"row-1 odd\">\n\t<th class=\"column-1\">GRUPO 1<\/th><th class=\"column-2\">GRUPO 2<\/th><th class=\"column-3\">GRUPO 3<\/th><th class=\"column-4\">GRUPO 4<\/th><th class=\"column-5\">GRUPO 5<\/th>\n<\/tr>\n<\/thead>\n<tbody class=\"row-hover\">\n<tr class=\"row-2 even\">\n\t<td class=\"column-1\">De-ashi-harai<\/td><td class=\"column-2\">Ko-soto-gari<\/td><td class=\"column-3\">Ko-soto-gake<\/td><td class=\"column-4\">Sumi-gaeshi<\/td><td class=\"column-5\">O-soto-guruma<\/td>\n<\/tr>\n<tr class=\"row-3 odd\">\n\t<td class=\"column-1\">Hiza-guruma<\/td><td class=\"column-2\">Ko-uchi-gari<\/td><td class=\"column-3\">Tsuri-goshi<\/td><td class=\"column-4\">Tani-otoshi<\/td><td class=\"column-5\">Uki-waza<\/td>\n<\/tr>\n<tr class=\"row-4 even\">\n\t<td class=\"column-1\">Sassae-tsuri-komi-ashi<\/td><td class=\"column-2\">Koshi-guruma<\/td><td class=\"column-3\">Yoko-otoshi<\/td><td class=\"column-4\">Hane-maki-komi<\/td><td class=\"column-5\">Yoko-guruma<\/td>\n<\/tr>\n<tr class=\"row-5 odd\">\n\t<td class=\"column-1\">Uki-goshi<\/td><td class=\"column-2\">Tsuri-komi-goshi<\/td><td class=\"column-3\">Ashi-guruma<\/td><td class=\"column-4\">Sukui-nage<\/td><td class=\"column-5\">Yoko-guruma<\/td>\n<\/tr>\n<tr class=\"row-6 even\">\n\t<td class=\"column-1\">O-soto-gari<\/td><td class=\"column-2\">Okuri-ashi-harai<\/td><td class=\"column-3\">Hane-goshi<\/td><td class=\"column-4\">Utsuri-goshi<\/td><td class=\"column-5\">Ushiro-goshi<\/td>\n<\/tr>\n<tr class=\"row-7 odd\">\n\t<td class=\"column-1\">O-goshi<\/td><td class=\"column-2\">Tai-otoshi<\/td><td class=\"column-3\">Harai-tsuri-komi-ashi<\/td><td class=\"column-4\">O-guruma<\/td><td class=\"column-5\">Ura-nage<\/td>\n<\/tr>\n<tr class=\"row-8 even\">\n\t<td class=\"column-1\">O-uchi-gari<\/td><td class=\"column-2\">Harai-goshi<\/td><td class=\"column-3\">Tomoe-nage<\/td><td class=\"column-4\">Soto-maki-komi<\/td><td class=\"column-5\">Sumi-otoshi<\/td>\n<\/tr>\n<tr class=\"row-9 odd\">\n\t<td class=\"column-1\">Seoi-mage<\/td><td class=\"column-2\">Uchi-mata<\/td><td class=\"column-3\">Kata-guruma<\/td><td class=\"column-4\">Uki-otoshi<\/td><td class=\"column-5\">Yoko-gake<\/td>\n<\/tr>\n<\/tbody>\n<\/table>\n\t\t<\/div>\n\t\t\t\t<\/div>\n\t\t\t\t\t<\/div>\n\t\t<\/div>\n\t\t\t\t\t\t\t<\/div>\n\t\t<\/section>\n\t\t\t\t<section class=\"elementor-section elementor-top-section elementor-element elementor-element-e5a79ce elementor-section-boxed elementor-section-height-default elementor-section-height-default\" data-id=\"e5a79ce\" data-element_type=\"section\">\n\t\t\t\t\t\t<div class=\"elementor-container elementor-column-gap-default\">\n\t\t\t\t\t<div class=\"elementor-column elementor-col-100 elementor-top-column elementor-element elementor-element-f5e6867\" data-id=\"f5e6867\" data-element_type=\"column\">\n\t\t\t<div class=\"elementor-widget-wrap elementor-element-populated\">\n\t\t\t\t\t\t\t\t<div class=\"elementor-element elementor-element-53a23c5 elementor-widget elementor-widget-text-editor\" data-id=\"53a23c5\" data-element_type=\"widget\" data-widget_type=\"text-editor.default\">\n\t\t\t\t<div class=\"elementor-widget-container\">\n\t\t\t\t\t<div class=\"elementor-text-editor elementor-clearfix\"><h4>NAGUE-WAZA<\/h4><div>\u00a0<\/div><\/div>\n\t\t\t\t<\/div>\n\t\t\t\t<\/div>\n\t\t\t\t\t<\/div>\n\t\t<\/div>\n\t\t\t\t\t\t\t<\/div>\n\t\t<\/section>\n\t\t\t\t<section class=\"elementor-section elementor-top-section elementor-element elementor-element-ee16ee6 elementor-section-boxed elementor-section-height-default elementor-section-height-default\" data-id=\"ee16ee6\" data-element_type=\"section\">\n\t\t\t\t\t\t<div class=\"elementor-container elementor-column-gap-default\">\n\t\t\t\t\t<div class=\"elementor-column elementor-col-100 elementor-top-column elementor-element elementor-element-76a89f9\" data-id=\"76a89f9\" data-element_type=\"column\">\n\t\t\t<div class=\"elementor-widget-wrap elementor-element-populated\">\n\t\t\t\t\t\t\t\t<div class=\"elementor-element elementor-element-33aaaf8 elementor-widget elementor-widget-html\" data-id=\"33aaaf8\" data-element_type=\"widget\" data-widget_type=\"html.default\">\n\t\t\t\t<div class=\"elementor-widget-container\">\n\t\t\t\n<table id=\"tablepress-6\" class=\"tablepress tablepress-id-6\">\n<thead>\n<tr class=\"row-1 odd\">\n\t<th class=\"column-1\">Osae-komi-waza<\/th><th class=\"column-2\">Shime-waza<\/th><th class=\"column-3\">Kansetsu-waza<\/th>\n<\/tr>\n<\/thead>\n<tbody class=\"row-hover\">\n<tr class=\"row-2 even\">\n\t<td class=\"column-1\">Kesa-gatame<\/td><td class=\"column-2\">Nami-juji-jime<\/td><td class=\"column-3\">Ude-garami<\/td>\n<\/tr>\n<tr class=\"row-3 odd\">\n\t<td class=\"column-1\">Yoko-shiro-gatame<\/td><td class=\"column-2\">Gyaku-juji-jime<\/td><td class=\"column-3\">Ude-hishigi-juji-gatame<\/td>\n<\/tr>\n<tr class=\"row-4 even\">\n\t<td class=\"column-1\">Kami-shiro-gatame<\/td><td class=\"column-2\">Kata-juji-jime<\/td><td class=\"column-3\">Ude-hishigi-ude-gatame<\/td>\n<\/tr>\n<tr class=\"row-5 odd\">\n\t<td class=\"column-1\">Kuzure-kesa-gatame<\/td><td class=\"column-2\">Hadaka-jime<\/td><td class=\"column-3\">Ude-hishigi-hiza-gatame<\/td>\n<\/tr>\n<tr class=\"row-6 even\">\n\t<td class=\"column-1\">Kata-gatame<\/td><td class=\"column-2\">Okuri-eri-jime<\/td><td class=\"column-3\">Ude-hishigi-waki-gatame<\/td>\n<\/tr>\n<tr class=\"row-7 odd\">\n\t<td class=\"column-1\">Kuzure-kami-shiro-gatame<\/td><td class=\"column-2\">Kata-h\u00e1-jime<\/td><td class=\"column-3\">Ude-hishigi-hara-gatame<\/td>\n<\/tr>\n<tr class=\"row-8 even\">\n\t<td class=\"column-1\">Tate-shiro-gatame<\/td><td class=\"column-2\">Do-jime (t\u00e9cnica proibida)<\/td><td class=\"column-3\">Ashi-garami (t\u00e9cnica proibida)<\/td>\n<\/tr>\n<tr class=\"row-9 odd\">\n\t<td class=\"column-1\"><\/td><td class=\"column-2\">Sode-guruma-jime<\/td><td class=\"column-3\">Ude-hishigi-ashi-gatame<\/td>\n<\/tr>\n<tr class=\"row-10 even\">\n\t<td class=\"column-1\"><\/td><td class=\"column-2\">Kata-te-jime<\/td><td class=\"column-3\">Ude-hishigi-te-gatame<\/td>\n<\/tr>\n<tr class=\"row-11 odd\">\n\t<td class=\"column-1\"><\/td><td class=\"column-2\">Ryo-te-jime<br \/>\n<\/td><td class=\"column-3\">Ude-hishigi-san-kaku-gatame<\/td>\n<\/tr>\n<tr class=\"row-12 even\">\n\t<td class=\"column-1\"><\/td><td class=\"column-2\">Tsukomi-jime<br \/>\n<\/td><td class=\"column-3\"><\/td>\n<\/tr>\n<tr class=\"row-13 odd\">\n\t<td class=\"column-1\"><\/td><td class=\"column-2\">Sankaku-jime<\/td><td class=\"column-3\"><\/td>\n<\/tr>\n<\/tbody>\n<\/table>\n\t\t<\/div>\n\t\t\t\t<\/div>\n\t\t\t\t\t<\/div>\n\t\t<\/div>\n\t\t\t\t\t\t\t<\/div>\n\t\t<\/section>\n\t\t\t\t<section class=\"elementor-section elementor-top-section elementor-element elementor-element-49bd4f0 elementor-section-boxed elementor-section-height-default elementor-section-height-default\" data-id=\"49bd4f0\" data-element_type=\"section\">\n\t\t\t\t\t\t<div class=\"elementor-container elementor-column-gap-default\">\n\t\t\t\t\t<div class=\"elementor-column elementor-col-100 elementor-top-column elementor-element elementor-element-c694137\" data-id=\"c694137\" data-element_type=\"column\">\n\t\t\t<div class=\"elementor-widget-wrap elementor-element-populated\">\n\t\t\t\t\t\t\t\t<div class=\"elementor-element elementor-element-4e0df95 elementor-widget elementor-widget-spacer\" data-id=\"4e0df95\" data-element_type=\"widget\" data-widget_type=\"spacer.default\">\n\t\t\t\t<div class=\"elementor-widget-container\">\n\t\t\t\t\t<div class=\"elementor-spacer\">\n\t\t\t<div class=\"elementor-spacer-inner\"><\/div>\n\t\t<\/div>\n\t\t\t\t<\/div>\n\t\t\t\t<\/div>\n\t\t\t\t\t<\/div>\n\t\t<\/div>\n\t\t\t\t\t\t\t<\/div>\n\t\t<\/section>\n\t\t\t\t\t\t<\/div>\n\t\t\t\t\t<\/div>\n\t\t","protected":false},"excerpt":{"rendered":"<p>T\u00e9cnicas do Jud\u00f4 As t\u00e9cnicas de jud\u00f4 s\u00e3o divididas em dois grupos NAGUE-WAZA (67 t\u00e9cnicas de proje\u00e7\u00e3o)KATAME-WAZA (29 t\u00e9cnicas de solo) NAGUE-WAZA \u00a0 Em 1895 foi criado o (GO Kyo). [&#8230;]<\/p>\n<p><a class=\"btn btn-default vslmd-read-more-link\" href=\"https:\/\/judooton.viamultimidia.com\/index.php\/tecnicas\/\">Read More<\/a><\/p>\n","protected":false},"author":1,"featured_media":0,"parent":0,"menu_order":0,"comment_status":"closed","ping_status":"closed","template":"","meta":{"_bbp_topic_count":0,"_bbp_reply_count":0,"_bbp_total_topic_count":0,"_bbp_total_reply_count":0,"_bbp_voice_count":0,"_bbp_anonymous_reply_count":0,"_bbp_topic_count_hidden":0,"_bbp_reply_count_hidden":0,"_bbp_forum_subforum_count":0,"_EventAllDay":false,"_EventTimezone":"","_EventStartDate":"","_EventEndDate":"","_EventStartDateUTC":"","_EventEndDateUTC":"","_EventShowMap":false,"_EventShowMapLink":false,"_EventURL":"","_EventCost":"","_EventCostDescription":"","_EventCurrencySymbol":"","_EventCurrencyPosition":"","_EventDateTimeSeparator":"","_EventTimeRangeSeparator":"","_EventOrganizerID":[],"_EventVenueID":0,"_OrganizerEmail":"","_OrganizerPhone":"","_OrganizerWebsite":"","_VenueAddress":"","_VenueCity":"","_VenueCountry":"","_VenueProvince":"","_VenueZip":"","_VenuePhone":"","_VenueURL":"","_VenueStateProvince":"","_VenueLat":"","_VenueLng":""},"_links":{"self":[{"href":"https:\/\/judooton.viamultimidia.com\/index.php\/wp-json\/wp\/v2\/pages\/1162"}],"collection":[{"href":"https:\/\/judooton.viamultimidia.com\/index.php\/wp-json\/wp\/v2\/pages"}],"about":[{"href":"https:\/\/judooton.viamultimidia.com\/index.php\/wp-json\/wp\/v2\/types\/page"}],"author":[{"embeddable":true,"href":"https:\/\/judooton.viamultimidia.com\/index.php\/wp-json\/wp\/v2\/users\/1"}],"replies":[{"embeddable":true,"href":"https:\/\/judooton.viamultimidia.com\/index.php\/wp-json\/wp\/v2\/comments?post=1162"}],"version-history":[{"count":40,"href":"https:\/\/judooton.viamultimidia.com\/index.php\/wp-json\/wp\/v2\/pages\/1162\/revisions"}],"predecessor-version":[{"id":1648,"href":"https:\/\/judooton.viamultimidia.com\/index.php\/wp-json\/wp\/v2\/pages\/1162\/revisions\/1648"}],"wp:attachment":[{"href":"https:\/\/judooton.viamultimidia.com\/index.php\/wp-json\/wp\/v2\/media?parent=1162"}],"curies":[{"name":"wp","href":"https:\/\/api.w.org\/{rel}","templated":true}]}}