{"id":1152,"date":"2021-02-26T13:25:37","date_gmt":"2021-02-26T13:25:37","guid":{"rendered":"http:\/\/judooton.viamultimidia.com\/?page_id=1152"},"modified":"2021-03-01T11:01:38","modified_gmt":"2021-03-01T11:01:38","slug":"titulos","status":"publish","type":"page","link":"https:\/\/judooton.viamultimidia.com\/index.php\/titulos\/","title":{"rendered":"T\u00edtulos"},"content":{"rendered":"\t\t<div data-elementor-type=\"wp-page\" data-elementor-id=\"1152\" class=\"elementor elementor-1152\" data-elementor-settings=\"[]\">\n\t\t\t\t\t\t\t<div class=\"elementor-section-wrap\">\n\t\t\t\t\t\t\t<section class=\"elementor-section elementor-top-section elementor-element elementor-element-a85dc90 elementor-section-boxed elementor-section-height-default elementor-section-height-default\" data-id=\"a85dc90\" data-element_type=\"section\">\n\t\t\t\t\t\t<div class=\"elementor-container elementor-column-gap-default\">\n\t\t\t\t\t<div class=\"elementor-column elementor-col-100 elementor-top-column elementor-element elementor-element-d09e28a\" data-id=\"d09e28a\" data-element_type=\"column\">\n\t\t\t<div class=\"elementor-widget-wrap elementor-element-populated\">\n\t\t\t\t\t\t\t\t<div class=\"elementor-element elementor-element-f7cb273 elementor-widget elementor-widget-spacer\" data-id=\"f7cb273\" data-element_type=\"widget\" data-widget_type=\"spacer.default\">\n\t\t\t\t<div class=\"elementor-widget-container\">\n\t\t\t\t\t<div class=\"elementor-spacer\">\n\t\t\t<div class=\"elementor-spacer-inner\"><\/div>\n\t\t<\/div>\n\t\t\t\t<\/div>\n\t\t\t\t<\/div>\n\t\t\t\t\t<\/div>\n\t\t<\/div>\n\t\t\t\t\t\t\t<\/div>\n\t\t<\/section>\n\t\t\t\t<section class=\"elementor-section elementor-top-section elementor-element elementor-element-9f2f694 elementor-section-boxed elementor-section-height-default elementor-section-height-default\" data-id=\"9f2f694\" data-element_type=\"section\">\n\t\t\t\t\t\t<div class=\"elementor-container elementor-column-gap-default\">\n\t\t\t\t\t<div class=\"elementor-column elementor-col-100 elementor-top-column elementor-element elementor-element-a590b59\" data-id=\"a590b59\" data-element_type=\"column\">\n\t\t\t<div class=\"elementor-widget-wrap elementor-element-populated\">\n\t\t\t\t\t\t\t\t<div class=\"elementor-element elementor-element-83b2685 elementor-invisible elementor-widget elementor-widget-heading\" data-id=\"83b2685\" data-element_type=\"widget\" data-settings=\"{&quot;_animation&quot;:&quot;fadeInDown&quot;}\" data-widget_type=\"heading.default\">\n\t\t\t\t<div class=\"elementor-widget-container\">\n\t\t\t<h3 class=\"elementor-heading-title elementor-size-default\">T\u00edtulos<\/h3>\t\t<\/div>\n\t\t\t\t<\/div>\n\t\t\t\t\t<\/div>\n\t\t<\/div>\n\t\t\t\t\t\t\t<\/div>\n\t\t<\/section>\n\t\t\t\t<section class=\"elementor-section elementor-top-section elementor-element elementor-element-1bec6b2 elementor-section-boxed elementor-section-height-default elementor-section-height-default\" data-id=\"1bec6b2\" data-element_type=\"section\">\n\t\t\t\t\t\t<div class=\"elementor-container elementor-column-gap-default\">\n\t\t\t\t\t<div class=\"elementor-column elementor-col-100 elementor-top-column elementor-element elementor-element-e1469af\" data-id=\"e1469af\" data-element_type=\"column\">\n\t\t\t<div class=\"elementor-widget-wrap elementor-element-populated\">\n\t\t\t\t\t\t\t\t<div class=\"elementor-element elementor-element-429567f elementor-widget elementor-widget-text-editor\" data-id=\"429567f\" data-element_type=\"widget\" data-widget_type=\"text-editor.default\">\n\t\t\t\t<div class=\"elementor-widget-container\">\n\t\t\t\t\t<div class=\"elementor-text-editor elementor-clearfix\"><p><strong>1985<\/strong><\/p><ul><li>2\u00b0 lugar Campeonato Mineiro Estimulo \u2013 juvenil.<\/li><li>4\u00b0 lugar Campeonato Mineiro Estimulo Inf. Juvenil.<\/li><li>1986<\/li><li>3\u00b0 lugar Campeonato Mineiro por faixas, am\/lar \u2013 j\u00fanior.<\/li><li>4\u00b0 lugar Campeonato Cidade de Belo Horizonte \u2013 Mirim.<\/li><li>4\u00ba lugar Campeonato Cidade de Belo Horizonte \u2013 Inf. Juvenil.<\/li><\/ul><p><strong>1989<\/strong><\/p><ul><li>Campe\u00e3o Mineiro por faixas, bra\/cinza.<\/li><li>Campe\u00e3o Mineiro por faixas, ama\/laranja.<\/li><li>Campe\u00e3o Mineiro por faixas, verde\/roxa.<\/li><li>4\u00b0 lugar Campeonato Cidade de Belo Horizonte \u2013 Mirim.<\/li><li>4\u00b0 lugar Campeonato Cidade de Belo Horizonte \u2013 Pr\u00e9-juvenil.<\/li><li>1990<\/li><li>Diploma de Mon\u00e7\u00e3o de aplausos, C\u00e2mara Municipal de Patos de Minas (aniversario da academia).<\/li><li>2\u00ba lugar Campeonato Mineiro por faixas, branca\/cinza.<\/li><\/ul><p><strong>1992<\/strong><\/p><ul><li>Diplomas de Mon\u00e7\u00e3o de aplausos, C\u00e2mara Municipal de Patos de Minas (aniversario da academia).<\/li><li>Campe\u00e3o Mineiro por faixas, azul\/amarela \u2013 infantil.<\/li><li>Campe\u00e3o Mineiro por faixas, azul\/amarela \u2013 Mirim.<\/li><li>2\u00ba lugar Campeonato Mineiro estimulo \u2013 Junior.<\/li><li>3\u00ba lugar Campeonato Mineiro infantil.<\/li><li>3\u00b0 lugar Campeonato por faixas, branca\/cinza \u2013 Mirim.<\/li><\/ul><p><strong>1995<\/strong><\/p><ul><li>Diploma de Mon\u00e7\u00e3o de aplausos, C\u00e2mara Municipal de Patos de Minas (aniversario da academia).<\/li><li>Diploma de Mon\u00e7\u00e3o de aplausos C\u00e2mara Municipal de Patos de Minas (T\u00edtulos na Argentina).<\/li><li>1996<\/li><li>Campe\u00e3o Mineiro por faixas, azul\/amarela \u2013 Mirim.<\/li><li>2\u00b0 lugar Campeonato Mineiro por faixas, branca\/cinza.<\/li><\/ul><p><strong>2002<\/strong><\/p><ul><li>3\u00b0 lugar Campeonato Mineiro S\u00eanior<\/li><li>2003<\/li><li>3\u00b0 lugar Campeonato Mineiro Pr\u00e9-juvenil.<\/li><li>3\u00ba lugar Campeonato Mineiro Juvenil.<\/li><li>4\u00b0 lugar Torneio Inicio Mineiro<\/li><li>4\u00b0 lugar Copa Betim de Jud\u00f4.<\/li><li>5\u00ba lugar Copa Futel de Uberl\u00e2ndia.<\/li><li>2004<\/li><li>9 Campe\u00f5es, 12 vice-campe\u00f5es e 12 terceiros lugar.<\/li><li>Campeonato Mineiro Por faixas BH.<\/li><\/ul><p><strong>2006<\/strong><\/p><ul><li>Trof\u00e9u Nenmatsu \u2013 Betim. MG<\/li><\/ul><p><strong>2007<\/strong><\/p><ul><li>Trof\u00e9u Nenmatsu \u2013 Betim. MG<\/li><li>Diploma de Mon\u00e7\u00e3o de aplausos, C\u00e2mara Municipal de Patos de Minas (aniversario da academia).<\/li><\/ul><\/div>\n\t\t\t\t<\/div>\n\t\t\t\t<\/div>\n\t\t\t\t\t<\/div>\n\t\t<\/div>\n\t\t\t\t\t\t\t<\/div>\n\t\t<\/section>\n\t\t\t\t\t\t<\/div>\n\t\t\t\t\t<\/div>\n\t\t","protected":false},"excerpt":{"rendered":"<p>T\u00edtulos 1985 2\u00b0 lugar Campeonato Mineiro Estimulo \u2013 juvenil. 4\u00b0 lugar Campeonato Mineiro Estimulo Inf. Juvenil. 1986 3\u00b0 lugar Campeonato Mineiro por faixas, am\/lar \u2013 j\u00fanior. 4\u00b0 lugar Campeonato Cidade [&#8230;]<\/p>\n<p><a class=\"btn btn-default vslmd-read-more-link\" href=\"https:\/\/judooton.viamultimidia.com\/index.php\/titulos\/\">Read More<\/a><\/p>\n","protected":false},"author":1,"featured_media":0,"parent":0,"menu_order":0,"comment_status":"closed","ping_status":"closed","template":"","meta":{"_bbp_topic_count":0,"_bbp_reply_count":0,"_bbp_total_topic_count":0,"_bbp_total_reply_count":0,"_bbp_voice_count":0,"_bbp_anonymous_reply_count":0,"_bbp_topic_count_hidden":0,"_bbp_reply_count_hidden":0,"_bbp_forum_subforum_count":0,"_EventAllDay":false,"_EventTimezone":"","_EventStartDate":"","_EventEndDate":"","_EventStartDateUTC":"","_EventEndDateUTC":"","_EventShowMap":false,"_EventShowMapLink":false,"_EventURL":"","_EventCost":"","_EventCostDescription":"","_EventCurrencySymbol":"","_EventCurrencyPosition":"","_EventDateTimeSeparator":"","_EventTimeRangeSeparator":"","_EventOrganizerID":[],"_EventVenueID":0,"_OrganizerEmail":"","_OrganizerPhone":"","_OrganizerWebsite":"","_VenueAddress":"","_VenueCity":"","_VenueCountry":"","_VenueProvince":"","_VenueZip":"","_VenuePhone":"","_VenueURL":"","_VenueStateProvince":"","_VenueLat":"","_VenueLng":""},"_links":{"self":[{"href":"https:\/\/judooton.viamultimidia.com\/index.php\/wp-json\/wp\/v2\/pages\/1152"}],"collection":[{"href":"https:\/\/judooton.viamultimidia.com\/index.php\/wp-json\/wp\/v2\/pages"}],"about":[{"href":"https:\/\/judooton.viamultimidia.com\/index.php\/wp-json\/wp\/v2\/types\/page"}],"author":[{"embeddable":true,"href":"https:\/\/judooton.viamultimidia.com\/index.php\/wp-json\/wp\/v2\/users\/1"}],"replies":[{"embeddable":true,"href":"https:\/\/judooton.viamultimidia.com\/index.php\/wp-json\/wp\/v2\/comments?post=1152"}],"version-history":[{"count":10,"href":"https:\/\/judooton.viamultimidia.com\/index.php\/wp-json\/wp\/v2\/pages\/1152\/revisions"}],"predecessor-version":[{"id":1381,"href":"https:\/\/judooton.viamultimidia.com\/index.php\/wp-json\/wp\/v2\/pages\/1152\/revisions\/1381"}],"wp:attachment":[{"href":"https:\/\/judooton.viamultimidia.com\/index.php\/wp-json\/wp\/v2\/media?parent=1152"}],"curies":[{"name":"wp","href":"https:\/\/api.w.org\/{rel}","templated":true}]}}