{"id":1145,"date":"2021-02-26T13:23:19","date_gmt":"2021-02-26T13:23:19","guid":{"rendered":"http:\/\/judooton.viamultimidia.com\/?page_id=1145"},"modified":"2021-02-26T20:45:45","modified_gmt":"2021-02-26T20:45:45","slug":"judocas","status":"publish","type":"page","link":"https:\/\/judooton.viamultimidia.com\/index.php\/judocas\/","title":{"rendered":"Judocas"},"content":{"rendered":"\t\t<div data-elementor-type=\"wp-page\" data-elementor-id=\"1145\" class=\"elementor elementor-1145\" data-elementor-settings=\"[]\">\n\t\t\t\t\t\t\t<div class=\"elementor-section-wrap\">\n\t\t\t\t\t\t\t<section class=\"elementor-section elementor-top-section elementor-element elementor-element-7099ead elementor-section-boxed elementor-section-height-default elementor-section-height-default\" data-id=\"7099ead\" data-element_type=\"section\">\n\t\t\t\t\t\t<div class=\"elementor-container elementor-column-gap-default\">\n\t\t\t\t\t<div class=\"elementor-column elementor-col-100 elementor-top-column elementor-element elementor-element-59d23e4\" data-id=\"59d23e4\" data-element_type=\"column\">\n\t\t\t<div class=\"elementor-widget-wrap elementor-element-populated\">\n\t\t\t\t\t\t\t\t<div class=\"elementor-element elementor-element-23e6681 elementor-widget elementor-widget-spacer\" data-id=\"23e6681\" data-element_type=\"widget\" data-widget_type=\"spacer.default\">\n\t\t\t\t<div class=\"elementor-widget-container\">\n\t\t\t\t\t<div class=\"elementor-spacer\">\n\t\t\t<div class=\"elementor-spacer-inner\"><\/div>\n\t\t<\/div>\n\t\t\t\t<\/div>\n\t\t\t\t<\/div>\n\t\t\t\t\t<\/div>\n\t\t<\/div>\n\t\t\t\t\t\t\t<\/div>\n\t\t<\/section>\n\t\t\t\t<section class=\"elementor-section elementor-top-section elementor-element elementor-element-a85dc90 elementor-section-boxed elementor-section-height-default elementor-section-height-default\" data-id=\"a85dc90\" data-element_type=\"section\">\n\t\t\t\t\t\t<div class=\"elementor-container elementor-column-gap-default\">\n\t\t\t\t\t<div class=\"elementor-column elementor-col-100 elementor-top-column elementor-element elementor-element-d09e28a\" data-id=\"d09e28a\" data-element_type=\"column\">\n\t\t\t<div class=\"elementor-widget-wrap elementor-element-populated\">\n\t\t\t\t\t\t\t\t<div class=\"elementor-element elementor-element-1a80524 elementor-invisible elementor-widget elementor-widget-heading\" data-id=\"1a80524\" data-element_type=\"widget\" data-settings=\"{&quot;_animation&quot;:&quot;fadeInDown&quot;}\" data-widget_type=\"heading.default\">\n\t\t\t\t<div class=\"elementor-widget-container\">\n\t\t\t<h3 class=\"elementor-heading-title elementor-size-default\">Judocas<\/h3>\t\t<\/div>\n\t\t\t\t<\/div>\n\t\t\t\t\t<\/div>\n\t\t<\/div>\n\t\t\t\t\t\t\t<\/div>\n\t\t<\/section>\n\t\t\t\t<section class=\"elementor-section elementor-top-section elementor-element elementor-element-984a053 elementor-section-boxed elementor-section-height-default elementor-section-height-default\" data-id=\"984a053\" data-element_type=\"section\">\n\t\t\t\t\t\t<div class=\"elementor-container elementor-column-gap-default\">\n\t\t\t\t\t<div class=\"elementor-column elementor-col-100 elementor-top-column elementor-element elementor-element-8fd02a1\" data-id=\"8fd02a1\" data-element_type=\"column\">\n\t\t\t<div class=\"elementor-widget-wrap elementor-element-populated\">\n\t\t\t\t\t\t\t\t<div class=\"elementor-element elementor-element-93ab250 elementor-widget elementor-widget-image\" data-id=\"93ab250\" data-element_type=\"widget\" data-widget_type=\"image.default\">\n\t\t\t\t<div class=\"elementor-widget-container\">\n\t\t\t\t\t<div class=\"elementor-image\">\n\t\t\t\t\t\t\t\t\t\t<img width=\"640\" height=\"248\" src=\"https:\/\/judooton.viamultimidia.com\/wp-content\/uploads\/2021\/02\/judocas_clip_image002.jpg\" class=\"attachment-large size-large\" alt=\"\" loading=\"lazy\" srcset=\"https:\/\/judooton.viamultimidia.com\/wp-content\/uploads\/2021\/02\/judocas_clip_image002.jpg 698w, https:\/\/judooton.viamultimidia.com\/wp-content\/uploads\/2021\/02\/judocas_clip_image002-300x116.jpg 300w\" sizes=\"(max-width: 640px) 100vw, 640px\" \/>\t\t\t\t\t\t\t\t\t\t\t<\/div>\n\t\t\t\t<\/div>\n\t\t\t\t<\/div>\n\t\t\t\t\t<\/div>\n\t\t<\/div>\n\t\t\t\t\t\t\t<\/div>\n\t\t<\/section>\n\t\t\t\t<section class=\"elementor-section elementor-top-section elementor-element elementor-element-252bc54 elementor-section-boxed elementor-section-height-default elementor-section-height-default\" data-id=\"252bc54\" data-element_type=\"section\">\n\t\t\t\t\t\t<div class=\"elementor-container elementor-column-gap-default\">\n\t\t\t\t\t<div class=\"elementor-column elementor-col-100 elementor-top-column elementor-element elementor-element-4d9d6e7\" data-id=\"4d9d6e7\" data-element_type=\"column\">\n\t\t\t<div class=\"elementor-widget-wrap elementor-element-populated\">\n\t\t\t\t\t\t\t\t<div class=\"elementor-element elementor-element-f3a99e0 elementor-widget elementor-widget-text-editor\" data-id=\"f3a99e0\" data-element_type=\"widget\" data-settings=\"{&quot;_animation&quot;:&quot;none&quot;}\" data-widget_type=\"text-editor.default\">\n\t\t\t\t<div class=\"elementor-widget-container\">\n\t\t\t\t\t<div class=\"elementor-text-editor elementor-clearfix\"><p>Em 1966, o Jud\u00f4 Oton participou pela primeira vez do Campeonato Mineiro de Jud\u00f4 em Belo Horizonte, com os seguintes judocas: Jos\u00e9 de Souza (taza), Edilson Lu\u00eds Lima (china), Marconi Meireles, Marcelo Meireles, Ant\u00f4nio da Silva Andrade, Renato Ferreira Carias, Arthur Magalh\u00e3es e Baltazar, (As duas primeiras medalhas em campeonatos Mineiros). Em 1985 o Jud\u00f4 Oton voltou a fazer parte da Federa\u00e7\u00e3o Mineira de Jud\u00f4, abaixo alguns de nossos atletas que em competi\u00e7\u00f5es tiveram boas participa\u00e7\u00f5es.<\/p><\/div>\n\t\t\t\t<\/div>\n\t\t\t\t<\/div>\n\t\t\t\t\t<\/div>\n\t\t<\/div>\n\t\t\t\t\t\t\t<\/div>\n\t\t<\/section>\n\t\t\t\t<section class=\"elementor-section elementor-top-section elementor-element elementor-element-fdc558e elementor-section-boxed elementor-section-height-default elementor-section-height-default\" data-id=\"fdc558e\" data-element_type=\"section\">\n\t\t\t\t\t\t<div class=\"elementor-container elementor-column-gap-default\">\n\t\t\t\t\t<div class=\"elementor-column elementor-col-100 elementor-top-column elementor-element elementor-element-35b6a85\" data-id=\"35b6a85\" data-element_type=\"column\">\n\t\t\t<div class=\"elementor-widget-wrap elementor-element-populated\">\n\t\t\t\t\t\t\t\t<div class=\"elementor-element elementor-element-43b12b1 elementor-widget elementor-widget-text-editor\" data-id=\"43b12b1\" data-element_type=\"widget\" data-widget_type=\"text-editor.default\">\n\t\t\t\t<div class=\"elementor-widget-container\">\n\t\t\t\t\t<div class=\"elementor-text-editor elementor-clearfix\"><p><b>MARCONI MEIRELES<\/b><\/p><ul><li>3\u00ba lugar Mineiro juvenil-BH-1966<\/li><\/ul><p><b>MARCELO MEIRELES<\/b><\/p><ul><li>3\u00ba lugar Mineiro juvenil- BH-1966<\/li><\/ul><p><b>MARCELO TREVELIN CELESTINO<\/b><\/p><ul><li>Campe\u00e3o Mineiro por faixas \u2013 am \u2013 lar &#8211; BH-1988<\/li><li>Campe\u00e3o Mineiro \u2013 pr\u00e9 \u2013 juvenil \u2013 BH &#8211; 1989<\/li><li>Campe\u00e3o Mineiro \u2013 pr\u00e9 \u2013 juvenil \u2013 BH &#8211; 1990<\/li><li>Campe\u00e3o Torneio Cidade de Belo Horizonte &#8211; 1990<\/li><li>Campe\u00e3o Mineiro por faixas- lar \u2013 ver \u2013 BH &#8211; 1990<\/li><li>3\u00ba Lugar Campeonato Brasileiro \u2013 Pr\u00e9 \u2013 juvenil &#8211; Caxias do Sul \u2013 RS -1990<\/li><\/ul><p><b>JONAS GUIMARA\u00caS SILVA<\/b><\/p><ul><li>Campe\u00e3o Trof\u00e9u Proclama\u00e7\u00e3o da Republica &#8211; 1996<\/li><li>2\u00ba lugar Trof\u00e9u dia Mundial do jud\u00f4-1996<\/li><li>Campe\u00e3o Intercolegial em B. Horizonte-1997<\/li><li>Campe\u00e3o Copa Meiji em Juiz de Fora-1997<\/li><li>Campe\u00e3o Mineiro por faixas &#8211; Arax\u00e1-1997<\/li><li>2\u00ba lugar Campeonato Brasileiro juvenil em (MG -1997)<\/li><li>Campe\u00e3o Mineiro por faixas-1998<\/li><li>Campe\u00e3o Mineiro-1998<\/li><li>2\u00ba lugar Jud\u00f4 Jeb &#8211; juvenil-1998<\/li><li>2\u00ba lugar Jud\u00f4 Jeb &#8211; j\u00fanior-1998<\/li><li>Campe\u00e3o Mineiro por faixas &#8211; Junior-1999<\/li><li>Campe\u00e3o Mineiro- j\u00fanior-1999<\/li><li>2\u00ba lugar Jud\u00f4 Jeb &#8211; 1999<\/li><li>3\u00ba lugar Copa Bras\u00edlia Internacional-1999<\/li><li>3\u00ba lugar Mineiro &#8211; s\u00eanior-1999<\/li><li>3\u00ba lugar Mineiro por faixas \u2013 s\u00eanior-1999<\/li><li>Campe\u00e3o Mineiro por faixas-2000<\/li><li>2\u00ba lugar Copa Nutril &#8211; BH-2000<\/li><li>3\u00ba lugar Campeonato Brasileiro do Centro Oeste-2000<\/li><\/ul><p><b>LUCAS TOSTA DE LIMA VILAS BOAS<\/b><\/p><ul><li>Campe\u00e3o Jud\u00f4 Jeb &#8211; BH- 1999<\/li><li>4\u00ba lugar Campeonato brasileiro infantil \u2013 Florian\u00f3polis &#8211; SC- 1999.<\/li><li>Campe\u00e3o Mineiro por faixas &#8211; BH &#8211; 2000.<\/li><\/ul><p><b>ALICE CRISTINA SILVA<\/b><\/p><ul><li>Campe\u00e3 Mineira &#8211; Betim &#8211; 2001<\/li><li>3\u00ba lugar Campeonato Brasileiro &#8211; Pr\u00e9-Juvenil &#8211; VITORIA &#8211; E S -2001<\/li><li>5\u00ba lugar Campeonato Brasileiro &#8211; Pr\u00e9-Juveni l- ANAPOLIS &#8211; GO &#8211; 2001<\/li><li>Campe\u00e3 Mineira &#8211; Uberl\u00e2ndia- 2001<\/li><li>3\u00ba lugar Mineiro inicio &#8211; Ipatinga-2003<\/li><li>2\u00ba lugar Mineiro &#8211; Uberl\u00e2ndia-2003<\/li><\/ul><p>ALESANDRO BONTEMPO MARTINS<\/p><ul><li>Campe\u00e3o Mineiro por faixas \u2013 Bra \u2013 Cinza \u2013 Mirin &#8211; BH-1991<\/li><li>\u00a02\u00ba lugar Copa Rio &#8211; RJ &#8211; 1991<\/li><li>Campe\u00e3o Copa Maca\u00e9- RJ -1991<\/li><li>Campe\u00e3o Mineiro por faixas- Bra \u2013 Amarela &#8211; BH-1992<\/li><li>Campe\u00e3o Mineiro por faixas \u2013 Lar \u2013 Verde &#8211; BH-1993<\/li><li>3\u00ba lugar Campeonato Brasileiro &#8211; Lajes- SG-1993<\/li><li>Campe\u00e3o Copa da Amizade- Argentina-1995<\/li><li>3\u00ba lugar Mineiro por faixas \u2013 lar \u2013 ver &#8211; BH-1995<\/li><li>2\u00ba lugar Torneio &#8220;Proclama\u00e7\u00e3o da Republica&#8221;- BH-1996<\/li><\/ul><p><b>TIAGO FERNANDES SILVA<\/b><\/p><ul><li>Campe\u00e3o Mineiro &#8211; BH-1999<\/li><li>5\u00ba lugar Campeonato Brasileiro &#8211; Manaus- AM -1999<\/li><li>Campe\u00e3o Mineiro &#8211; Betim-2001<\/li><li>2\u00ba lugar. Campeonato Brasileiro-Vitoria-ES-2001<\/li><li>2\u00ba lugar Mineiro \u2013 Uberl\u00e2ndia -2001<\/li><\/ul><p><strong>SARA CRISTINA SILVA<\/strong><\/p><ul><li>Campe\u00e3 Mineira &#8211; Betim-2001<\/li><li>4\u00ba lugar Campeonato Brasileiro- Vit\u00f3ria- ES- 2001<\/li><\/ul><p><strong>RAFAEL MENDON\u00c7A DE CARVALHO<\/strong><\/p><ul><li>Campe\u00e3o Torneio dia da Bandeira-BH -1995<\/li><li>Campe\u00e3o Mineiro- Betim-2001<\/li><li>4\u00ba lugar Campeonato Brasileiro \u2013 Vitoria -ES- 2001<\/li><li>2\u00ba lugar Mineiro- Ipatinga- 2003<\/li><\/ul><p><b>THIAGO DE SOUSA LIMA<\/b><\/p><ul><li>Campe\u00e3o Torneio \u00b4\u00b4Cidade de Belo Horizonte\u00b4\u00b41990<\/li><li>3\u00ba lugar Copa Rio &#8211; RJ-1993<\/li><li>Campe\u00e3o Mineiro por faixas azul \u2013 amarela-BH-1994<\/li><li>3\u00ba lugar Copa da Amizade na Argentina-1995<\/li><li>3\u00ba lugar Mineiro por faixas \u2013lar &#8211; verde-BH-1995<\/li><li>3\u00ba lugar Trof\u00e9u dia da &#8220;Bandeira&#8221;- BH-1995<\/li><li>Campe\u00e3o Torneio dia da &#8220;Proclama\u00e7\u00e3o da Republica&#8221; BH-1996<\/li><li>Campe\u00e3o Mineiro por faixas-Arax\u00e1-1997<\/li><li>2\u00ba lugar Mineiro por faixas-BH-1998<\/li><\/ul><p><b>LUCIANO BORGES DE OLIVEIRA<\/b><\/p><ul><li>3\u00ba lugar Jud\u00f4 Jeb-BH-1997<\/li><li>Campe\u00e3o Mineiro por faixas-lar \u2013 preta &#8211; BH-1998<\/li><li>2\u00ba lugar Mineiro Pr\u00e9-juveni l- BH-1999<\/li><li>5\u00ba lugar Campeonato Brasileiro &#8211; Pr\u00e9-juvenil &#8211; Manaus AM-1999<\/li><li>2\u00ba lugar Mineiro- Uberl\u00e2ndia-2002<\/li><li>Campe\u00e3o Copa Betim-2003<\/li><li>2\u00ba lugar. Na Copa Futel &#8211; Uberl\u00e2ndia-2003<\/li><\/ul><p><b>ATAIDE SILVERIO DE FARIA JUNIOR (in mem\u00f3ria)<\/b><\/p><ul><li>Campe\u00e3o Mineiro por faixas &#8211; am \u2013lar &#8211; BH-1989<\/li><li>2\u00ba lugar Mineiro \u2013 juvenil &#8211; BH-1990<\/li><li>Campe\u00e3o Mineiro \u2013 juvenil &#8211; BH-1990<\/li><li>2\u00ba lugar Copa Maca\u00e9 RJ-1991<\/li><li>Campe\u00e3o Mineiro \u2013 Junior &#8211; BH-1992<\/li><li>2\u00ba lugar Copa Rio-RJ-1993<\/li><\/ul><p><strong>GUILHERME PIVA<\/strong><\/p><ul><li>2\u00ba lugar Mineiro por faixas \u2013 bra \u2013 cin \u2013 Mirin -BH-1991<\/li><li>Campe\u00e3o Mineiro por faixas \u2013 azu \u2013 ama \u2013 Mirin &#8211; BH-1991<\/li><li>2\u00ba lugar Copa Maca\u00e9-RJ-1991<\/li><li>Campe\u00e3o Mineiro por faixas \u2013bra \u2013 ama &#8211; BH-1992<\/li><li>Campe\u00e3o. Mineiro por faixas \u2013 Lar \u2013 ver &#8211; BH-1993<\/li><li>Campe\u00e3o Copa da Amizade-Argentina-1995<\/li><li>3\u00ba lugar Mineiro por faixas-lar \u2013 ver-BH-1995<\/li><li>3\u00ba lugar Torneio da Proclama\u00e7\u00e3o da Republica-BH-1996<\/li><\/ul><p><b>JO\u00c3O VICTOR ZICA GONTIJO<\/b><\/p><ul><li>3\u00ba lugar Jud\u00f4 Jeb- BH- 1997<\/li><li>3\u00ba lugar Mineiro Mirin &#8211; BH-1999<\/li><li>Campe\u00e3o Mineiro por faixas &#8211; BH-2000<\/li><li>2\u00b0 lugar Mineiro por faixas \u2013 azu \u2013 ama &#8211; Betim-2001<\/li><li>3\u00ba lugar Mineiro &#8211; BH-2002<\/li><li>2\u00ba lugar Mineiro Inicio &#8211; Ipatinga-2003<\/li><li>Campe\u00e3o Copa Futel &#8211; Uberl\u00e2ndia-2003<\/li><\/ul><p><b>LUCAS SANTOS CAIXETA<\/b><\/p><ul><li>Campe\u00e3o Mineiro por faixas- bra \u2013 cin &#8211; Betim-2001<\/li><li>Campe\u00e3o Mineiro por faixas \u2013 azu \u2013 ama -juvenil-BH-2002<\/li><li>Campe\u00e3o Mineiro por faixas \u2013azu \u2013 ama-junior-BH-2002<\/li><li>Campe\u00e3o Mineiro \u2013 juvenil &#8211; Uberl\u00e2ndia-2002<\/li><li>Campe\u00e3o Mineiro &#8211; Junior-Uberl\u00e2ndia-2002<\/li><li>2\u00ba lugar Copa Betim-2003<\/li><\/ul><p><b>LUCIO FL\u00c2VIO MOTA<\/b><\/p><ul><li>Campe\u00e3o Mineiro por faixas \u2013 bra \u2013 cin &#8211; Betim-2001<\/li><li>2\u00ba lugar Mineiro \u2013 juvenil &#8211; Uberl\u00e2ndia-2001<\/li><li>Campe\u00e3o Mineiro por faixas \u2013 bra \u2013 cin &#8211; juvenil-BH-2002<\/li><li>2\u00ba lugar Mineiro por faixas \u2013 bra \u2013 cin &#8211; Junior-BH-2002<\/li><li>Campe\u00e3o Mineiro por faixas \u2013 bra \u2013 cin &#8211; s\u00eanior-BH-2002<\/li><\/ul><p><strong>YURI FERREIRA DIAS DOS SANTOS<\/strong><\/p><ul><li>Campe\u00e3o Trof\u00e9u Nenmatsu &#8211; Betim-2006<\/li><li>Campe\u00e3o Trof\u00e9u Nenmatsu &#8211; Betim-2007<\/li><\/ul><\/div>\n\t\t\t\t<\/div>\n\t\t\t\t<\/div>\n\t\t\t\t\t<\/div>\n\t\t<\/div>\n\t\t\t\t\t\t\t<\/div>\n\t\t<\/section>\n\t\t\t\t\t\t<\/div>\n\t\t\t\t\t<\/div>\n\t\t","protected":false},"excerpt":{"rendered":"<p>Judocas Em 1966, o Jud\u00f4 Oton participou pela primeira vez do Campeonato Mineiro de Jud\u00f4 em Belo Horizonte, com os seguintes judocas: Jos\u00e9 de Souza (taza), Edilson Lu\u00eds Lima (china), [&#8230;]<\/p>\n<p><a class=\"btn btn-default vslmd-read-more-link\" href=\"https:\/\/judooton.viamultimidia.com\/index.php\/judocas\/\">Read More<\/a><\/p>\n","protected":false},"author":1,"featured_media":0,"parent":0,"menu_order":0,"comment_status":"closed","ping_status":"closed","template":"","meta":{"_bbp_topic_count":0,"_bbp_reply_count":0,"_bbp_total_topic_count":0,"_bbp_total_reply_count":0,"_bbp_voice_count":0,"_bbp_anonymous_reply_count":0,"_bbp_topic_count_hidden":0,"_bbp_reply_count_hidden":0,"_bbp_forum_subforum_count":0,"_EventAllDay":false,"_EventTimezone":"","_EventStartDate":"","_EventEndDate":"","_EventStartDateUTC":"","_EventEndDateUTC":"","_EventShowMap":false,"_EventShowMapLink":false,"_EventURL":"","_EventCost":"","_EventCostDescription":"","_EventCurrencySymbol":"","_EventCurrencyPosition":"","_EventDateTimeSeparator":"","_EventTimeRangeSeparator":"","_EventOrganizerID":[],"_EventVenueID":0,"_OrganizerEmail":"","_OrganizerPhone":"","_OrganizerWebsite":"","_VenueAddress":"","_VenueCity":"","_VenueCountry":"","_VenueProvince":"","_VenueZip":"","_VenuePhone":"","_VenueURL":"","_VenueStateProvince":"","_VenueLat":"","_VenueLng":""},"_links":{"self":[{"href":"https:\/\/judooton.viamultimidia.com\/index.php\/wp-json\/wp\/v2\/pages\/1145"}],"collection":[{"href":"https:\/\/judooton.viamultimidia.com\/index.php\/wp-json\/wp\/v2\/pages"}],"about":[{"href":"https:\/\/judooton.viamultimidia.com\/index.php\/wp-json\/wp\/v2\/types\/page"}],"author":[{"embeddable":true,"href":"https:\/\/judooton.viamultimidia.com\/index.php\/wp-json\/wp\/v2\/users\/1"}],"replies":[{"embeddable":true,"href":"https:\/\/judooton.viamultimidia.com\/index.php\/wp-json\/wp\/v2\/comments?post=1145"}],"version-history":[{"count":16,"href":"https:\/\/judooton.viamultimidia.com\/index.php\/wp-json\/wp\/v2\/pages\/1145\/revisions"}],"predecessor-version":[{"id":1375,"href":"https:\/\/judooton.viamultimidia.com\/index.php\/wp-json\/wp\/v2\/pages\/1145\/revisions\/1375"}],"wp:attachment":[{"href":"https:\/\/judooton.viamultimidia.com\/index.php\/wp-json\/wp\/v2\/media?parent=1145"}],"curies":[{"name":"wp","href":"https:\/\/api.w.org\/{rel}","templated":true}]}}