{"id":1108,"date":"2021-02-26T12:31:32","date_gmt":"2021-02-26T12:31:32","guid":{"rendered":"http:\/\/judooton.viamultimidia.com\/?page_id=1108"},"modified":"2021-03-08T18:06:28","modified_gmt":"2021-03-08T18:06:28","slug":"judooton","status":"publish","type":"page","link":"https:\/\/judooton.viamultimidia.com\/index.php\/judooton\/","title":{"rendered":"Jud\u00f4 Oton"},"content":{"rendered":"\t\t<div data-elementor-type=\"wp-page\" data-elementor-id=\"1108\" class=\"elementor elementor-1108\" data-elementor-settings=\"[]\">\n\t\t\t\t\t\t\t<div class=\"elementor-section-wrap\">\n\t\t\t\t\t\t\t<section class=\"elementor-section elementor-top-section elementor-element elementor-element-c4e8841 elementor-section-boxed elementor-section-height-default elementor-section-height-default\" data-id=\"c4e8841\" data-element_type=\"section\">\n\t\t\t\t\t\t<div class=\"elementor-container elementor-column-gap-default\">\n\t\t\t\t\t<div class=\"elementor-column elementor-col-100 elementor-top-column elementor-element elementor-element-4c3066b\" data-id=\"4c3066b\" data-element_type=\"column\">\n\t\t\t<div class=\"elementor-widget-wrap elementor-element-populated\">\n\t\t\t\t\t\t\t\t<div class=\"elementor-element elementor-element-1c28512 elementor-widget elementor-widget-spacer\" data-id=\"1c28512\" data-element_type=\"widget\" data-widget_type=\"spacer.default\">\n\t\t\t\t<div class=\"elementor-widget-container\">\n\t\t\t\t\t<div class=\"elementor-spacer\">\n\t\t\t<div class=\"elementor-spacer-inner\"><\/div>\n\t\t<\/div>\n\t\t\t\t<\/div>\n\t\t\t\t<\/div>\n\t\t\t\t\t<\/div>\n\t\t<\/div>\n\t\t\t\t\t\t\t<\/div>\n\t\t<\/section>\n\t\t\t\t<section class=\"elementor-section elementor-top-section elementor-element elementor-element-a9bbcf0 elementor-section-boxed elementor-section-height-default elementor-section-height-default\" data-id=\"a9bbcf0\" data-element_type=\"section\">\n\t\t\t\t\t\t<div class=\"elementor-container elementor-column-gap-default\">\n\t\t\t\t\t<div class=\"elementor-column elementor-col-100 elementor-top-column elementor-element elementor-element-bf60ddc\" data-id=\"bf60ddc\" data-element_type=\"column\">\n\t\t\t<div class=\"elementor-widget-wrap elementor-element-populated\">\n\t\t\t\t\t\t\t\t<div class=\"elementor-element elementor-element-ad3222c elementor-invisible elementor-widget elementor-widget-heading\" data-id=\"ad3222c\" data-element_type=\"widget\" data-settings=\"{&quot;_animation&quot;:&quot;fadeInDown&quot;}\" data-widget_type=\"heading.default\">\n\t\t\t\t<div class=\"elementor-widget-container\">\n\t\t\t<h3 class=\"elementor-heading-title elementor-size-default\">Hist\u00f3ria do Jud\u00f4 Oton<\/h3>\t\t<\/div>\n\t\t\t\t<\/div>\n\t\t\t\t\t<\/div>\n\t\t<\/div>\n\t\t\t\t\t\t\t<\/div>\n\t\t<\/section>\n\t\t\t\t<section class=\"elementor-section elementor-top-section elementor-element elementor-element-089bf46 elementor-reverse-tablet elementor-reverse-mobile elementor-section-full_width elementor-section-height-default elementor-section-height-default\" data-id=\"089bf46\" data-element_type=\"section\">\n\t\t\t\t\t\t<div class=\"elementor-container elementor-column-gap-default\">\n\t\t\t\t\t<div class=\"elementor-column elementor-col-100 elementor-top-column elementor-element elementor-element-c07823f\" data-id=\"c07823f\" data-element_type=\"column\">\n\t\t\t<div class=\"elementor-widget-wrap elementor-element-populated\">\n\t\t\t\t\t\t\t\t<div class=\"elementor-element elementor-element-a0e21ad elementor-widget__width-auto elementor-widget elementor-widget-text-editor\" data-id=\"a0e21ad\" data-element_type=\"widget\" data-settings=\"{&quot;_animation&quot;:&quot;none&quot;}\" data-widget_type=\"text-editor.default\">\n\t\t\t\t<div class=\"elementor-widget-container\">\n\t\t\t\t\t<div class=\"elementor-text-editor elementor-clearfix\"><p>Hist\u00f3ria do jud\u00f4 de Patos de Minas come\u00e7ou com o professor Renato Ferreira Carias, que em 1962 abriu a primeira escola de jud\u00f4 em nossa terra, com o nome de Gr\u00eamio Kodokan de Jud\u00f4. O professor Renato morava em Belo Horizonte, onde foi aluno dos professores; Ant\u00f4nio Alves (Academia Lutadores Unidos) e Ashiu Kamada (Academia de Jud\u00f4 Oriente). O jud\u00f4 ficou sob seu comando at\u00e9 junho de 1965, quando foi transferido para o professor Ant\u00f4nio da Silva Andrade. Ant\u00f4nio do jud\u00f4, como era mais conhecido. Professor Ant\u00f4nio acabava de voltar de Bras\u00edlia onde estava morando, l\u00e1 foi aluno do professor Michio Ninomya. De 1965 a 1985, a escola passou a se chamar Gr\u00eamio Kodokan Oton Sousa Rego, o nome Oton Sousa Rego foi escolhido para homenagear o seu maior patrono. A partir de 1985 o jud\u00f4 patense voltou a fazer parte da Federa\u00e7\u00e3o Mineira de Jud\u00f4 e teve o seu nome reduzido para Gr\u00eamio de Jud\u00f4 Oton Sousa Rego. O Jud\u00f4 Oton foi filiado \u00e0 Federa\u00e7\u00e3o em 1966, quando participou do campeonato mineiro nas categorias juvenil e s\u00eanior (individual e por equipes). Em 1985, o Jud\u00f4 Oton voltou novamente a fazer parte da Federa\u00e7\u00e3o Mineira de Jud\u00f4. A partir de abril de 2000, o Jud\u00f4 Oton foi transferido para o professor Oliveiros Dias Filho, que foi aluno do Jud\u00f4 Oton de 1979 a 1984 e aluno do professor Ant\u00f4nio de Oliveira Costa (Jud\u00f4 Elefante Branco) de 1984 a 2001.&nbsp;<span style=\"color: var( --e-global-color-text );\">Veja em&nbsp;<\/span><a href=\"http:\/\/judooton.viamultimidia.com\/index.php\/titulos\/\" target=\"_blank\" style=\"background-color: rgb(255, 255, 255);\">t\u00edtulos<\/a><span style=\"color: var( --e-global-color-text );\">&nbsp;um pouco dos resultados da academia, em judocas alguns alunos e seus resultados em fotos alguns momentos dos alunos em participa\u00e7\u00f5es de campeonatos.<\/span><\/p><\/div>\n\t\t\t\t<\/div>\n\t\t\t\t<\/div>\n\t\t\t\t\t<\/div>\n\t\t<\/div>\n\t\t\t\t\t\t\t<\/div>\n\t\t<\/section>\n\t\t\t\t<section class=\"elementor-section elementor-top-section elementor-element elementor-element-8374786 elementor-section-boxed elementor-section-height-default elementor-section-height-default\" data-id=\"8374786\" data-element_type=\"section\">\n\t\t\t\t\t\t<div class=\"elementor-container elementor-column-gap-default\">\n\t\t\t\t\t<div class=\"elementor-column elementor-col-100 elementor-top-column elementor-element elementor-element-8cdb223\" data-id=\"8cdb223\" data-element_type=\"column\">\n\t\t\t<div class=\"elementor-widget-wrap elementor-element-populated\">\n\t\t\t\t\t\t\t\t<div class=\"elementor-element elementor-element-f518dff elementor-widget elementor-widget-spacer\" data-id=\"f518dff\" data-element_type=\"widget\" data-widget_type=\"spacer.default\">\n\t\t\t\t<div class=\"elementor-widget-container\">\n\t\t\t\t\t<div class=\"elementor-spacer\">\n\t\t\t<div class=\"elementor-spacer-inner\"><\/div>\n\t\t<\/div>\n\t\t\t\t<\/div>\n\t\t\t\t<\/div>\n\t\t\t\t\t<\/div>\n\t\t<\/div>\n\t\t\t\t\t\t\t<\/div>\n\t\t<\/section>\n\t\t\t\t<section class=\"elementor-section elementor-top-section elementor-element elementor-element-1e43ad2 elementor-section-boxed elementor-section-height-default elementor-section-height-default\" data-id=\"1e43ad2\" data-element_type=\"section\">\n\t\t\t\t\t\t<div class=\"elementor-container elementor-column-gap-default\">\n\t\t\t\t\t<div class=\"elementor-column elementor-col-100 elementor-top-column elementor-element elementor-element-a93a8fc\" data-id=\"a93a8fc\" data-element_type=\"column\">\n\t\t\t<div class=\"elementor-widget-wrap elementor-element-populated\">\n\t\t\t\t\t\t\t\t<div class=\"elementor-element elementor-element-f6695b0 elementor-invisible elementor-widget elementor-widget-heading\" data-id=\"f6695b0\" data-element_type=\"widget\" data-settings=\"{&quot;_animation&quot;:&quot;fadeInDown&quot;}\" data-widget_type=\"heading.default\">\n\t\t\t\t<div class=\"elementor-widget-container\">\n\t\t\t<h3 class=\"elementor-heading-title elementor-size-default\">Hor\u00e1rios<\/h3>\t\t<\/div>\n\t\t\t\t<\/div>\n\t\t\t\t\t<\/div>\n\t\t<\/div>\n\t\t\t\t\t\t\t<\/div>\n\t\t<\/section>\n\t\t\t\t<section class=\"elementor-section elementor-top-section elementor-element elementor-element-56f92c5 elementor-section-boxed elementor-section-height-default elementor-section-height-default\" data-id=\"56f92c5\" data-element_type=\"section\">\n\t\t\t\t\t\t<div class=\"elementor-container elementor-column-gap-default\">\n\t\t\t\t\t<div class=\"elementor-column elementor-col-33 elementor-top-column elementor-element elementor-element-b821614\" data-id=\"b821614\" data-element_type=\"column\">\n\t\t\t<div class=\"elementor-widget-wrap elementor-element-populated\">\n\t\t\t\t\t\t\t\t<div class=\"elementor-element elementor-element-1f24343 elementor-invisible elementor-widget elementor-widget-heading\" data-id=\"1f24343\" data-element_type=\"widget\" data-settings=\"{&quot;_animation&quot;:&quot;fadeInDown&quot;}\" data-widget_type=\"heading.default\">\n\t\t\t\t<div class=\"elementor-widget-container\">\n\t\t\t<h4 class=\"elementor-heading-title elementor-size-default\">Mirin<\/h4>\t\t<\/div>\n\t\t\t\t<\/div>\n\t\t\t\t\t<\/div>\n\t\t<\/div>\n\t\t\t\t<div class=\"elementor-column elementor-col-33 elementor-top-column elementor-element elementor-element-a947368\" data-id=\"a947368\" data-element_type=\"column\">\n\t\t\t<div class=\"elementor-widget-wrap elementor-element-populated\">\n\t\t\t\t\t\t\t\t<div class=\"elementor-element elementor-element-db554c2 elementor-invisible elementor-widget elementor-widget-heading\" data-id=\"db554c2\" data-element_type=\"widget\" data-settings=\"{&quot;_animation&quot;:&quot;fadeInDown&quot;}\" data-widget_type=\"heading.default\">\n\t\t\t\t<div class=\"elementor-widget-container\">\n\t\t\t<h4 class=\"elementor-heading-title elementor-size-default\">Infantil<\/h4>\t\t<\/div>\n\t\t\t\t<\/div>\n\t\t\t\t\t<\/div>\n\t\t<\/div>\n\t\t\t\t<div class=\"elementor-column elementor-col-33 elementor-top-column elementor-element elementor-element-aa46297\" data-id=\"aa46297\" data-element_type=\"column\">\n\t\t\t<div class=\"elementor-widget-wrap elementor-element-populated\">\n\t\t\t\t\t\t\t\t<div class=\"elementor-element elementor-element-c0f8b3f elementor-invisible elementor-widget elementor-widget-heading\" data-id=\"c0f8b3f\" data-element_type=\"widget\" data-settings=\"{&quot;_animation&quot;:&quot;fadeInDown&quot;}\" data-widget_type=\"heading.default\">\n\t\t\t\t<div class=\"elementor-widget-container\">\n\t\t\t<h4 class=\"elementor-heading-title elementor-size-default\">Juvenil - Adulto<\/h4>\t\t<\/div>\n\t\t\t\t<\/div>\n\t\t\t\t\t<\/div>\n\t\t<\/div>\n\t\t\t\t\t\t\t<\/div>\n\t\t<\/section>\n\t\t\t\t<section class=\"elementor-section elementor-top-section elementor-element elementor-element-9404863 elementor-section-boxed elementor-section-height-default elementor-section-height-default\" data-id=\"9404863\" data-element_type=\"section\">\n\t\t\t\t\t\t<div class=\"elementor-container elementor-column-gap-default\">\n\t\t\t\t\t<div class=\"elementor-column elementor-col-33 elementor-top-column elementor-element elementor-element-6dd20ca\" data-id=\"6dd20ca\" data-element_type=\"column\">\n\t\t\t<div class=\"elementor-widget-wrap elementor-element-populated\">\n\t\t\t\t\t\t\t\t<div class=\"elementor-element elementor-element-6a7317b elementor-widget elementor-widget-text-editor\" data-id=\"6a7317b\" data-element_type=\"widget\" data-widget_type=\"text-editor.default\">\n\t\t\t\t<div class=\"elementor-widget-container\">\n\t\t\t\t\t<div class=\"elementor-text-editor elementor-clearfix\"><p>4 a 9 anos<br \/>Ter-Qui<br \/>18:00 as 19:00hs<\/p><\/div>\n\t\t\t\t<\/div>\n\t\t\t\t<\/div>\n\t\t\t\t\t<\/div>\n\t\t<\/div>\n\t\t\t\t<div class=\"elementor-column elementor-col-33 elementor-top-column elementor-element elementor-element-b6e1769\" data-id=\"b6e1769\" data-element_type=\"column\">\n\t\t\t<div class=\"elementor-widget-wrap elementor-element-populated\">\n\t\t\t\t\t\t\t\t<div class=\"elementor-element elementor-element-20a0649 elementor-widget elementor-widget-text-editor\" data-id=\"20a0649\" data-element_type=\"widget\" data-widget_type=\"text-editor.default\">\n\t\t\t\t<div class=\"elementor-widget-container\">\n\t\t\t\t\t<div class=\"elementor-text-editor elementor-clearfix\"><p>10 a 14 anos<br \/>Segunda- quarta- sexta<br \/>18:00 as 19:00hs<\/p><\/div>\n\t\t\t\t<\/div>\n\t\t\t\t<\/div>\n\t\t\t\t\t<\/div>\n\t\t<\/div>\n\t\t\t\t<div class=\"elementor-column elementor-col-33 elementor-top-column elementor-element elementor-element-07ac77b\" data-id=\"07ac77b\" data-element_type=\"column\">\n\t\t\t<div class=\"elementor-widget-wrap elementor-element-populated\">\n\t\t\t\t\t\t\t\t<div class=\"elementor-element elementor-element-87a1737 elementor-widget elementor-widget-text-editor\" data-id=\"87a1737\" data-element_type=\"widget\" data-widget_type=\"text-editor.default\">\n\t\t\t\t<div class=\"elementor-widget-container\">\n\t\t\t\t\t<div class=\"elementor-text-editor elementor-clearfix\"><p>15 anos acima<br \/>Segunda-Quarta-Sexta<br \/>19:00 as 20:30 hs<\/p><\/div>\n\t\t\t\t<\/div>\n\t\t\t\t<\/div>\n\t\t\t\t\t<\/div>\n\t\t<\/div>\n\t\t\t\t\t\t\t<\/div>\n\t\t<\/section>\n\t\t\t\t<section class=\"elementor-section elementor-top-section elementor-element elementor-element-5b87405 elementor-section-boxed elementor-section-height-default elementor-section-height-default\" data-id=\"5b87405\" data-element_type=\"section\">\n\t\t\t\t\t\t<div class=\"elementor-container elementor-column-gap-default\">\n\t\t\t\t\t<div class=\"elementor-column elementor-col-100 elementor-top-column elementor-element elementor-element-a4c312c\" data-id=\"a4c312c\" data-element_type=\"column\">\n\t\t\t<div class=\"elementor-widget-wrap elementor-element-populated\">\n\t\t\t\t\t\t\t\t<div class=\"elementor-element elementor-element-c6f6c27 elementor-widget elementor-widget-spacer\" data-id=\"c6f6c27\" data-element_type=\"widget\" data-widget_type=\"spacer.default\">\n\t\t\t\t<div class=\"elementor-widget-container\">\n\t\t\t\t\t<div class=\"elementor-spacer\">\n\t\t\t<div class=\"elementor-spacer-inner\"><\/div>\n\t\t<\/div>\n\t\t\t\t<\/div>\n\t\t\t\t<\/div>\n\t\t\t\t\t<\/div>\n\t\t<\/div>\n\t\t\t\t\t\t\t<\/div>\n\t\t<\/section>\n\t\t\t\t<section class=\"elementor-section elementor-top-section elementor-element elementor-element-d676afd elementor-section-boxed elementor-section-height-default elementor-section-height-default\" data-id=\"d676afd\" data-element_type=\"section\">\n\t\t\t\t\t\t<div class=\"elementor-container elementor-column-gap-default\">\n\t\t\t\t\t<div class=\"elementor-column elementor-col-100 elementor-top-column elementor-element elementor-element-55ac9e3\" data-id=\"55ac9e3\" data-element_type=\"column\">\n\t\t\t<div class=\"elementor-widget-wrap elementor-element-populated\">\n\t\t\t\t\t\t\t\t<div class=\"elementor-element elementor-element-7153f56 elementor-invisible elementor-widget elementor-widget-heading\" data-id=\"7153f56\" data-element_type=\"widget\" data-settings=\"{&quot;_animation&quot;:&quot;fadeInDown&quot;}\" data-widget_type=\"heading.default\">\n\t\t\t\t<div class=\"elementor-widget-container\">\n\t\t\t<h3 class=\"elementor-heading-title elementor-size-default\">Localiza\u00e7\u00e3o<\/h3>\t\t<\/div>\n\t\t\t\t<\/div>\n\t\t\t\t\t<\/div>\n\t\t<\/div>\n\t\t\t\t\t\t\t<\/div>\n\t\t<\/section>\n\t\t\t\t<section class=\"elementor-section elementor-top-section elementor-element elementor-element-d6d7d5f elementor-section-boxed elementor-section-height-default elementor-section-height-default\" data-id=\"d6d7d5f\" data-element_type=\"section\">\n\t\t\t\t\t\t<div class=\"elementor-container elementor-column-gap-default\">\n\t\t\t\t\t<div class=\"elementor-column elementor-col-100 elementor-top-column elementor-element elementor-element-330e324\" data-id=\"330e324\" data-element_type=\"column\">\n\t\t\t<div class=\"elementor-widget-wrap elementor-element-populated\">\n\t\t\t\t\t\t\t\t<div class=\"elementor-element elementor-element-8ce0ced elementor-invisible elementor-widget elementor-widget-google_maps\" data-id=\"8ce0ced\" data-element_type=\"widget\" data-settings=\"{&quot;_animation&quot;:&quot;zoomIn&quot;}\" data-widget_type=\"google_maps.default\">\n\t\t\t\t<div class=\"elementor-widget-container\">\n\t\t\t<div class=\"elementor-custom-embed\"><iframe frameborder=\"0\" scrolling=\"no\" marginheight=\"0\" marginwidth=\"0\" src=\"https:\/\/maps.google.com\/maps?q=R.%20Dores%20do%20Indai%C3%A1%2C%20246%20-%20Centro%2C%20Patos%20de%20Minas%20-%20MG%2C%2038700-140&amp;t=m&amp;z=18&amp;output=embed&amp;iwloc=near\" title=\"R. Dores do Indai\u00e1, 246 - Centro, Patos de Minas - MG, 38700-140\" aria-label=\"R. Dores do Indai\u00e1, 246 - Centro, Patos de Minas - MG, 38700-140\"><\/iframe><\/div>\t\t<\/div>\n\t\t\t\t<\/div>\n\t\t\t\t\t<\/div>\n\t\t<\/div>\n\t\t\t\t\t\t\t<\/div>\n\t\t<\/section>\n\t\t\t\t\t\t<\/div>\n\t\t\t\t\t<\/div>\n\t\t","protected":false},"excerpt":{"rendered":"<p>Hist\u00f3ria do Jud\u00f4 Oton Hist\u00f3ria do jud\u00f4 de Patos de Minas come\u00e7ou com o professor Renato Ferreira Carias, que em 1962 abriu a primeira escola de jud\u00f4 em nossa terra, [&#8230;]<\/p>\n<p><a class=\"btn btn-default vslmd-read-more-link\" href=\"https:\/\/judooton.viamultimidia.com\/index.php\/judooton\/\">Read More<\/a><\/p>\n","protected":false},"author":1,"featured_media":0,"parent":0,"menu_order":0,"comment_status":"closed","ping_status":"closed","template":"","meta":{"_bbp_topic_count":0,"_bbp_reply_count":0,"_bbp_total_topic_count":0,"_bbp_total_reply_count":0,"_bbp_voice_count":0,"_bbp_anonymous_reply_count":0,"_bbp_topic_count_hidden":0,"_bbp_reply_count_hidden":0,"_bbp_forum_subforum_count":0,"_EventAllDay":false,"_EventTimezone":"","_EventStartDate":"","_EventEndDate":"","_EventStartDateUTC":"","_EventEndDateUTC":"","_EventShowMap":false,"_EventShowMapLink":false,"_EventURL":"","_EventCost":"","_EventCostDescription":"","_EventCurrencySymbol":"","_EventCurrencyPosition":"","_EventDateTimeSeparator":"","_EventTimeRangeSeparator":"","_EventOrganizerID":[],"_EventVenueID":0,"_OrganizerEmail":"","_OrganizerPhone":"","_OrganizerWebsite":"","_VenueAddress":"","_VenueCity":"","_VenueCountry":"","_VenueProvince":"","_VenueZip":"","_VenuePhone":"","_VenueURL":"","_VenueStateProvince":"","_VenueLat":"","_VenueLng":""},"_links":{"self":[{"href":"https:\/\/judooton.viamultimidia.com\/index.php\/wp-json\/wp\/v2\/pages\/1108"}],"collection":[{"href":"https:\/\/judooton.viamultimidia.com\/index.php\/wp-json\/wp\/v2\/pages"}],"about":[{"href":"https:\/\/judooton.viamultimidia.com\/index.php\/wp-json\/wp\/v2\/types\/page"}],"author":[{"embeddable":true,"href":"https:\/\/judooton.viamultimidia.com\/index.php\/wp-json\/wp\/v2\/users\/1"}],"replies":[{"embeddable":true,"href":"https:\/\/judooton.viamultimidia.com\/index.php\/wp-json\/wp\/v2\/comments?post=1108"}],"version-history":[{"count":83,"href":"https:\/\/judooton.viamultimidia.com\/index.php\/wp-json\/wp\/v2\/pages\/1108\/revisions"}],"predecessor-version":[{"id":2123,"href":"https:\/\/judooton.viamultimidia.com\/index.php\/wp-json\/wp\/v2\/pages\/1108\/revisions\/2123"}],"wp:attachment":[{"href":"https:\/\/judooton.viamultimidia.com\/index.php\/wp-json\/wp\/v2\/media?parent=1108"}],"curies":[{"name":"wp","href":"https:\/\/api.w.org\/{rel}","templated":true}]}}